{"id":174,"date":"2024-08-30T19:52:38","date_gmt":"2024-08-30T17:52:38","guid":{"rendered":"https:\/\/www.ozdravnemasaze.cz\/uvod\/?page_id=174"},"modified":"2025-03-13T11:00:51","modified_gmt":"2025-03-13T10:00:51","slug":"ostatni-sluzby","status":"publish","type":"page","link":"https:\/\/www.ozdravnemasaze.cz\/uvod\/index.php\/ostatni-sluzby\/","title":{"rendered":"D\u00e1le nab\u00edz\u00edme"},"content":{"rendered":"\n<div style=\"height:75px\" aria-hidden=\"true\" class=\"wp-block-spacer\"><\/div>\n\n\n\n<p class=\"has-vivid-cyan-blue-color has-text-color has-link-color wp-elements-055212a602fcebb76df4c83e61464bec\" style=\"font-size:21px\">BIOREZONANCE BICOM:<\/p>\n\n\n\n<div style=\"height:20px\" aria-hidden=\"true\" class=\"wp-block-spacer\"><\/div>\n\n\n\n<p class=\"has-black-color has-text-color has-link-color wp-elements-392a272b2c0d66e84c8b7b247075057e\"><em>C\u00edlem t\u00e9to metody je <strong>osvobodit<\/strong> t\u011blo od <strong>ru\u0161iv\u00fdch <\/strong>a <strong>patologick\u00fdch vliv\u016f<\/strong> a pomoci <strong>obnovit<\/strong> vlastn\u00ed regula\u010dn\u00ed <strong>s\u00edly<\/strong>. Rezonance <strong>Bicom<\/strong> aktivuje vlastn\u00ed regulaci t\u011bla a <strong>podporuje<\/strong> tak <strong>organizmus<\/strong>, aby se s\u00e1m op\u011bt dostal do energetick\u00e9 a dynamick\u00e9 <strong>rovnov\u00e1hy<\/strong>.<\/em>&#8230;..<\/p>\n\n\n\n<div style=\"height:30px\" aria-hidden=\"true\" class=\"wp-block-spacer\"><\/div>\n\n\n\n<p class=\"has-vivid-green-cyan-color has-text-color has-link-color wp-elements-24e615e44a2ea75c23d3f32222a2100c\" style=\"font-size:21px\">KRANIOSAKR\u00c1LN\u00cd BIODYNAMIKA:<\/p>\n\n\n\n<div style=\"height:20px\" aria-hidden=\"true\" class=\"wp-block-spacer\"><\/div>\n\n\n\n<p class=\"has-black-color has-text-color has-link-color wp-elements-ed58b398ac691b59be4d2e0d16b4a34d\"><em>Je holistick\u00e1 <strong>harmoniza\u010dn\u00ed metoda,<\/strong> kter\u00e1 celostn\u00edm a <strong>bezpe\u010dn\u00fdm p\u0159\u00edstupem<\/strong> <strong>pom\u00e1h\u00e1 <\/strong>na\u0161emu syst\u00e9mu naj\u00edt cestu k <strong>rovnov\u00e1ze<\/strong> &#8211; tedy zp\u011bt ke <strong>zdrav\u00ed.<\/strong> N\u00e1zev terapie vych\u00e1z\u00ed z latinsk\u00fdch n\u00e1zv\u016f pro <strong>lebku<\/strong> (cranium) a <strong>kost k\u0159\u00ed\u017eovou<\/strong> (sacrum).<\/em>&#8230;&#8230;<\/p>\n\n\n\n<div style=\"height:100px\" aria-hidden=\"true\" class=\"wp-block-spacer\"><\/div>\n\n\n\n<p class=\"has-text-align-center has-black-color has-text-color has-link-color wp-elements-766722879cf6f07354217bdb2fe53b0e\" style=\"font-size:17px\">M\u00e1te z\u00e1jem o jedine\u010dn\u00e9 harmoniza\u010dn\u00ed terapie ? <\/p>\n\n\n\n<p class=\"has-text-align-center has-black-color has-text-color has-link-color wp-elements-44c3a8e182590f326033a6a096e64765\" style=\"font-size:17px\">Chcete se dozv\u011bd\u011bt v\u00edce o Kraniosakr\u00e1ln\u00ed biodynamice \u010di Biorezonanci BICOM ?<\/p>\n\n\n\n<p class=\"has-text-align-center has-vivid-red-color has-text-color has-link-color has-medium-font-size wp-elements-cfcdfd55b2e44da54c886f167f1dcc48\"><strong>\u2193<\/strong>&nbsp; Pro dal\u0161\u00ed informace klikn\u011bte&nbsp;<strong>\u2193<\/strong>&nbsp;<\/p>\n\n\n\n<div style=\"height:50px\" aria-hidden=\"true\" class=\"wp-block-spacer\"><\/div>\n\n\n\n<div class=\"wp-block-buttons alignwide is-content-justification-center is-layout-flex wp-container-core-buttons-is-layout-16018d1d wp-block-buttons-is-layout-flex\">\n<div class=\"wp-block-button has-custom-width wp-block-button__width-75 has-custom-font-size is-style-outline is-style-outline--1\" style=\"font-size:18px\"><a class=\"wp-block-button__link has-black-color has-luminous-vivid-amber-background-color has-text-color has-background has-link-color has-text-align-center wp-element-button\" href=\"https:\/\/www.biodynamikalouny.cz\/\" style=\"border-radius:100px\">www.biodynamikalouny.cz<\/a><\/div>\n<\/div>\n","protected":false},"excerpt":{"rendered":"<p>BIOREZONANCE BICOM: C\u00edlem t\u00e9to metody je osvobodit t\u011blo od ru\u0161iv\u00fdch a patologick\u00fdch vliv\u016f a pomoci obnovit vlastn\u00ed regula\u010dn\u00ed s\u00edly. Rezonance Bicom aktivuje vlastn\u00ed regulaci t\u011bla a podporuje tak organizmus, aby se s\u00e1m op\u011bt dostal do energetick\u00e9 a dynamick\u00e9 rovnov\u00e1hy.&#8230;.. KRANIOSAKR\u00c1LN\u00cd BIODYNAMIKA: Je holistick\u00e1 harmoniza\u010dn\u00ed metoda, kter\u00e1 celostn\u00edm a bezpe\u010dn\u00fdm p\u0159\u00edstupem pom\u00e1h\u00e1 na\u0161emu syst\u00e9mu naj\u00edt cestu [&hellip;]<\/p>\n","protected":false},"author":1,"featured_media":0,"parent":0,"menu_order":0,"comment_status":"closed","ping_status":"closed","template":"","meta":{"footnotes":""},"class_list":["post-174","page","type-page","status-publish","hentry"],"yoast_head":"<!-- This site is optimized with the Yoast SEO plugin v27.5 - https:\/\/yoast.com\/product\/yoast-seo-wordpress\/ -->\n<title>D\u00e1le nab\u00edz\u00edme - Ozdravn\u00e9 Mas\u00e1\u017ee<\/title>\n<meta name=\"robots\" content=\"index, follow, max-snippet:-1, max-image-preview:large, max-video-preview:-1\" \/>\n<link rel=\"canonical\" href=\"https:\/\/www.ozdravnemasaze.cz\/uvod\/index.php\/ostatni-sluzby\/\" \/>\n<meta property=\"og:locale\" content=\"cs_CZ\" \/>\n<meta property=\"og:type\" content=\"article\" \/>\n<meta property=\"og:title\" content=\"D\u00e1le nab\u00edz\u00edme - Ozdravn\u00e9 Mas\u00e1\u017ee\" \/>\n<meta property=\"og:description\" content=\"BIOREZONANCE BICOM: C\u00edlem t\u00e9to metody je osvobodit t\u011blo od ru\u0161iv\u00fdch a patologick\u00fdch vliv\u016f a pomoci obnovit vlastn\u00ed regula\u010dn\u00ed s\u00edly. Rezonance Bicom aktivuje vlastn\u00ed regulaci t\u011bla a podporuje tak organizmus, aby se s\u00e1m op\u011bt dostal do energetick\u00e9 a dynamick\u00e9 rovnov\u00e1hy.&#8230;.. KRANIOSAKR\u00c1LN\u00cd BIODYNAMIKA: Je holistick\u00e1 harmoniza\u010dn\u00ed metoda, kter\u00e1 celostn\u00edm a bezpe\u010dn\u00fdm p\u0159\u00edstupem pom\u00e1h\u00e1 na\u0161emu syst\u00e9mu naj\u00edt cestu [&hellip;]\" \/>\n<meta property=\"og:url\" content=\"https:\/\/www.ozdravnemasaze.cz\/uvod\/index.php\/ostatni-sluzby\/\" \/>\n<meta property=\"og:site_name\" content=\"Ozdravn\u00e9 Mas\u00e1\u017ee\" \/>\n<meta property=\"article:modified_time\" content=\"2025-03-13T10:00:51+00:00\" \/>\n<meta name=\"twitter:card\" content=\"summary_large_image\" \/>\n<meta name=\"twitter:label1\" content=\"Odhadovan\u00e1 doba \u010dten\u00ed\" \/>\n\t<meta name=\"twitter:data1\" content=\"1 minuta\" \/>\n<script type=\"application\/ld+json\" class=\"yoast-schema-graph\">{\"@context\":\"https:\\\/\\\/schema.org\",\"@graph\":[{\"@type\":\"WebPage\",\"@id\":\"https:\\\/\\\/www.ozdravnemasaze.cz\\\/uvod\\\/index.php\\\/ostatni-sluzby\\\/\",\"url\":\"https:\\\/\\\/www.ozdravnemasaze.cz\\\/uvod\\\/index.php\\\/ostatni-sluzby\\\/\",\"name\":\"D\u00e1le nab\u00edz\u00edme - Ozdravn\u00e9 Mas\u00e1\u017ee\",\"isPartOf\":{\"@id\":\"https:\\\/\\\/www.ozdravnemasaze.cz\\\/uvod\\\/#website\"},\"datePublished\":\"2024-08-30T17:52:38+00:00\",\"dateModified\":\"2025-03-13T10:00:51+00:00\",\"breadcrumb\":{\"@id\":\"https:\\\/\\\/www.ozdravnemasaze.cz\\\/uvod\\\/index.php\\\/ostatni-sluzby\\\/#breadcrumb\"},\"inLanguage\":\"cs\",\"potentialAction\":[{\"@type\":\"ReadAction\",\"target\":[\"https:\\\/\\\/www.ozdravnemasaze.cz\\\/uvod\\\/index.php\\\/ostatni-sluzby\\\/\"]}]},{\"@type\":\"BreadcrumbList\",\"@id\":\"https:\\\/\\\/www.ozdravnemasaze.cz\\\/uvod\\\/index.php\\\/ostatni-sluzby\\\/#breadcrumb\",\"itemListElement\":[{\"@type\":\"ListItem\",\"position\":1,\"name\":\"Home\",\"item\":\"https:\\\/\\\/www.ozdravnemasaze.cz\\\/uvod\\\/\"},{\"@type\":\"ListItem\",\"position\":2,\"name\":\"D\u00e1le nab\u00edz\u00edme\"}]},{\"@type\":\"WebSite\",\"@id\":\"https:\\\/\\\/www.ozdravnemasaze.cz\\\/uvod\\\/#website\",\"url\":\"https:\\\/\\\/www.ozdravnemasaze.cz\\\/uvod\\\/\",\"name\":\"Ozdravn\u00e9 Mas\u00e1\u017ee\",\"description\":\"Ozdravn\u00e9 Mas\u00e1\u017ee\",\"potentialAction\":[{\"@type\":\"SearchAction\",\"target\":{\"@type\":\"EntryPoint\",\"urlTemplate\":\"https:\\\/\\\/www.ozdravnemasaze.cz\\\/uvod\\\/?s={search_term_string}\"},\"query-input\":{\"@type\":\"PropertyValueSpecification\",\"valueRequired\":true,\"valueName\":\"search_term_string\"}}],\"inLanguage\":\"cs\"}]}<\/script>\n<!-- \/ Yoast SEO plugin. -->","yoast_head_json":{"title":"D\u00e1le nab\u00edz\u00edme - Ozdravn\u00e9 Mas\u00e1\u017ee","robots":{"index":"index","follow":"follow","max-snippet":"max-snippet:-1","max-image-preview":"max-image-preview:large","max-video-preview":"max-video-preview:-1"},"canonical":"https:\/\/www.ozdravnemasaze.cz\/uvod\/index.php\/ostatni-sluzby\/","og_locale":"cs_CZ","og_type":"article","og_title":"D\u00e1le nab\u00edz\u00edme - Ozdravn\u00e9 Mas\u00e1\u017ee","og_description":"BIOREZONANCE BICOM: C\u00edlem t\u00e9to metody je osvobodit t\u011blo od ru\u0161iv\u00fdch a patologick\u00fdch vliv\u016f a pomoci obnovit vlastn\u00ed regula\u010dn\u00ed s\u00edly. Rezonance Bicom aktivuje vlastn\u00ed regulaci t\u011bla a podporuje tak organizmus, aby se s\u00e1m op\u011bt dostal do energetick\u00e9 a dynamick\u00e9 rovnov\u00e1hy.&#8230;.. KRANIOSAKR\u00c1LN\u00cd BIODYNAMIKA: Je holistick\u00e1 harmoniza\u010dn\u00ed metoda, kter\u00e1 celostn\u00edm a bezpe\u010dn\u00fdm p\u0159\u00edstupem pom\u00e1h\u00e1 na\u0161emu syst\u00e9mu naj\u00edt cestu [&hellip;]","og_url":"https:\/\/www.ozdravnemasaze.cz\/uvod\/index.php\/ostatni-sluzby\/","og_site_name":"Ozdravn\u00e9 Mas\u00e1\u017ee","article_modified_time":"2025-03-13T10:00:51+00:00","twitter_card":"summary_large_image","twitter_misc":{"Odhadovan\u00e1 doba \u010dten\u00ed":"1 minuta"},"schema":{"@context":"https:\/\/schema.org","@graph":[{"@type":"WebPage","@id":"https:\/\/www.ozdravnemasaze.cz\/uvod\/index.php\/ostatni-sluzby\/","url":"https:\/\/www.ozdravnemasaze.cz\/uvod\/index.php\/ostatni-sluzby\/","name":"D\u00e1le nab\u00edz\u00edme - Ozdravn\u00e9 Mas\u00e1\u017ee","isPartOf":{"@id":"https:\/\/www.ozdravnemasaze.cz\/uvod\/#website"},"datePublished":"2024-08-30T17:52:38+00:00","dateModified":"2025-03-13T10:00:51+00:00","breadcrumb":{"@id":"https:\/\/www.ozdravnemasaze.cz\/uvod\/index.php\/ostatni-sluzby\/#breadcrumb"},"inLanguage":"cs","potentialAction":[{"@type":"ReadAction","target":["https:\/\/www.ozdravnemasaze.cz\/uvod\/index.php\/ostatni-sluzby\/"]}]},{"@type":"BreadcrumbList","@id":"https:\/\/www.ozdravnemasaze.cz\/uvod\/index.php\/ostatni-sluzby\/#breadcrumb","itemListElement":[{"@type":"ListItem","position":1,"name":"Home","item":"https:\/\/www.ozdravnemasaze.cz\/uvod\/"},{"@type":"ListItem","position":2,"name":"D\u00e1le nab\u00edz\u00edme"}]},{"@type":"WebSite","@id":"https:\/\/www.ozdravnemasaze.cz\/uvod\/#website","url":"https:\/\/www.ozdravnemasaze.cz\/uvod\/","name":"Ozdravn\u00e9 Mas\u00e1\u017ee","description":"Ozdravn\u00e9 Mas\u00e1\u017ee","potentialAction":[{"@type":"SearchAction","target":{"@type":"EntryPoint","urlTemplate":"https:\/\/www.ozdravnemasaze.cz\/uvod\/?s={search_term_string}"},"query-input":{"@type":"PropertyValueSpecification","valueRequired":true,"valueName":"search_term_string"}}],"inLanguage":"cs"}]}},"_links":{"self":[{"href":"https:\/\/www.ozdravnemasaze.cz\/uvod\/index.php\/wp-json\/wp\/v2\/pages\/174","targetHints":{"allow":["GET"]}}],"collection":[{"href":"https:\/\/www.ozdravnemasaze.cz\/uvod\/index.php\/wp-json\/wp\/v2\/pages"}],"about":[{"href":"https:\/\/www.ozdravnemasaze.cz\/uvod\/index.php\/wp-json\/wp\/v2\/types\/page"}],"author":[{"embeddable":true,"href":"https:\/\/www.ozdravnemasaze.cz\/uvod\/index.php\/wp-json\/wp\/v2\/users\/1"}],"replies":[{"embeddable":true,"href":"https:\/\/www.ozdravnemasaze.cz\/uvod\/index.php\/wp-json\/wp\/v2\/comments?post=174"}],"version-history":[{"count":6,"href":"https:\/\/www.ozdravnemasaze.cz\/uvod\/index.php\/wp-json\/wp\/v2\/pages\/174\/revisions"}],"predecessor-version":[{"id":396,"href":"https:\/\/www.ozdravnemasaze.cz\/uvod\/index.php\/wp-json\/wp\/v2\/pages\/174\/revisions\/396"}],"wp:attachment":[{"href":"https:\/\/www.ozdravnemasaze.cz\/uvod\/index.php\/wp-json\/wp\/v2\/media?parent=174"}],"curies":[{"name":"wp","href":"https:\/\/api.w.org\/{rel}","templated":true}]}}