{"id":203,"date":"2024-09-01T11:16:48","date_gmt":"2024-09-01T09:16:48","guid":{"rendered":"https:\/\/www.ozdravnemasaze.cz\/uvod\/?page_id=203"},"modified":"2025-07-07T18:56:11","modified_gmt":"2025-07-07T16:56:11","slug":"uvod","status":"publish","type":"page","link":"https:\/\/www.ozdravnemasaze.cz\/uvod\/","title":{"rendered":""},"content":{"rendered":"\n<p class=\"has-text-align-center has-vivid-cyan-blue-color has-text-color has-link-color has-large-font-size wp-elements-f8519a04c7a03427fa47bb77ca551919\"><strong>Cesta ke zdrav\u00ed<\/strong><\/p>\n\n\n\n<div style=\"height:40px\" aria-hidden=\"true\" class=\"wp-block-spacer\"><\/div>\n\n\n\n<div class=\"wp-block-media-text is-stacked-on-mobile\"><figure class=\"wp-block-media-text__media\"><img loading=\"lazy\" decoding=\"async\" width=\"1024\" height=\"517\" src=\"https:\/\/www.ozdravnemasaze.cz\/uvod\/wp-content\/uploads\/2024\/12\/C2612227-CB9D-4FED-840A-A8002491CD64-scaled-e1733656186155-1024x517.jpeg\" alt=\"\" class=\"wp-image-386 size-full\" srcset=\"https:\/\/www.ozdravnemasaze.cz\/uvod\/wp-content\/uploads\/2024\/12\/C2612227-CB9D-4FED-840A-A8002491CD64-scaled-e1733656186155-1024x517.jpeg 1024w, https:\/\/www.ozdravnemasaze.cz\/uvod\/wp-content\/uploads\/2024\/12\/C2612227-CB9D-4FED-840A-A8002491CD64-scaled-e1733656186155-300x151.jpeg 300w, https:\/\/www.ozdravnemasaze.cz\/uvod\/wp-content\/uploads\/2024\/12\/C2612227-CB9D-4FED-840A-A8002491CD64-scaled-e1733656186155-768x388.jpeg 768w, https:\/\/www.ozdravnemasaze.cz\/uvod\/wp-content\/uploads\/2024\/12\/C2612227-CB9D-4FED-840A-A8002491CD64-scaled-e1733656186155-1536x775.jpeg 1536w, https:\/\/www.ozdravnemasaze.cz\/uvod\/wp-content\/uploads\/2024\/12\/C2612227-CB9D-4FED-840A-A8002491CD64-scaled-e1733656186155-2048x1034.jpeg 2048w\" sizes=\"auto, (max-width: 1024px) 100vw, 1024px\" \/><\/figure><div class=\"wp-block-media-text__content\">\n<p class=\"has-text-align-center has-vivid-cyan-blue-color has-text-color has-link-color wp-elements-07373693aaa651fb845acaf73d3b7d3e\" style=\"font-size:22px\"><strong>TUI NA<\/strong><\/p>\n\n\n\n<p class=\"has-text-align-center has-black-color has-text-color has-link-color wp-elements-cb301c074a910ca6f532e4a8c7d8fcfb\" style=\"font-size:18px\"><strong>Tui Na \u2013 za\u017eijte jedine\u010dnou a stalet\u00edmi ov\u011b\u0159enou terapii.<\/strong> <strong>Terapie vyu\u017e\u00edvaj\u00edc\u00ed techniky mas\u00e1\u017e\u00ed a tlak\u016f na akupresurn\u00ed body. Vych\u00e1z\u00ed z tradi\u010dn\u00ed \u010d\u00ednsk\u00e9 medic\u00edny<\/strong>&#8230;..<em><a href=\"https:\/\/www.ozdravnemasaze.cz\/uvod\/index.php\/tui-na\/\">v\u00edce<\/a><\/em><\/p>\n<\/div><\/div>\n\n\n\n<div style=\"height:100px\" aria-hidden=\"true\" class=\"wp-block-spacer\"><\/div>\n\n\n\n<div class=\"wp-block-media-text has-media-on-the-right is-stacked-on-mobile\"><div class=\"wp-block-media-text__content\">\n<p class=\"has-text-align-center has-vivid-cyan-blue-color has-text-color has-link-color wp-elements-7f415e0f39387b7732a79841dde1523b\" style=\"font-size:22px\"><strong>MADERO TERAPIE<\/strong><\/p>\n\n\n\n<p class=\"has-text-align-center has-black-color has-text-color has-link-color wp-elements-570d3f1b7b33944ddda39b9b83ae67bb\" style=\"font-size:18px\"><strong>Madero &#8211; poj\u010fme rozproudit lymfu, zbavit se celulitidy<\/strong>&#8230;.<em><a href=\"https:\/\/www.ozdravnemasaze.cz\/uvod\/index.php\/madero\/\">v\u00edce<\/a><\/em><\/p>\n<\/div><figure class=\"wp-block-media-text__media\"><img loading=\"lazy\" decoding=\"async\" width=\"1024\" height=\"333\" src=\"https:\/\/www.ozdravnemasaze.cz\/uvod\/wp-content\/uploads\/2024\/08\/cropped-952380CD-A6D3-4CE5-85BF-7EF37C058019-scaled-1-e1724684400325-1024x333.jpeg\" alt=\"\" class=\"wp-image-17 size-full\" srcset=\"https:\/\/www.ozdravnemasaze.cz\/uvod\/wp-content\/uploads\/2024\/08\/cropped-952380CD-A6D3-4CE5-85BF-7EF37C058019-scaled-1-e1724684400325-1024x333.jpeg 1024w, https:\/\/www.ozdravnemasaze.cz\/uvod\/wp-content\/uploads\/2024\/08\/cropped-952380CD-A6D3-4CE5-85BF-7EF37C058019-scaled-1-e1724684400325-300x98.jpeg 300w, https:\/\/www.ozdravnemasaze.cz\/uvod\/wp-content\/uploads\/2024\/08\/cropped-952380CD-A6D3-4CE5-85BF-7EF37C058019-scaled-1-e1724684400325-768x250.jpeg 768w, https:\/\/www.ozdravnemasaze.cz\/uvod\/wp-content\/uploads\/2024\/08\/cropped-952380CD-A6D3-4CE5-85BF-7EF37C058019-scaled-1-e1724684400325-1536x499.jpeg 1536w, https:\/\/www.ozdravnemasaze.cz\/uvod\/wp-content\/uploads\/2024\/08\/cropped-952380CD-A6D3-4CE5-85BF-7EF37C058019-scaled-1-e1724684400325.jpeg 2000w\" sizes=\"auto, (max-width: 1024px) 100vw, 1024px\" \/><\/figure><\/div>\n\n\n\n<div style=\"height:100px\" aria-hidden=\"true\" class=\"wp-block-spacer\"><\/div>\n\n\n\n<div class=\"wp-block-media-text is-stacked-on-mobile\"><figure class=\"wp-block-media-text__media\"><\/figure><div class=\"wp-block-media-text__content\">\n<p class=\"has-text-align-center has-vivid-cyan-blue-color has-text-color has-link-color wp-elements-e6cb7791e0df7eccd66a855ce3f4e143\" style=\"font-size:22px\"><strong>LYMFATICK\u00c1 MAS\u00c1\u017d<\/strong><\/p>\n\n\n\n<p class=\"has-text-align-center has-black-color has-text-color has-link-color wp-elements-25a4711b3bd4aa7bf78d91d85b5a2ef4\" style=\"font-size:18px\"><strong>Pomo\u017eme t\u011blu zbavit se toxin\u016f \u2026<\/strong><\/p>\n<\/div><\/div>\n\n\n\n<div style=\"height:100px\" aria-hidden=\"true\" class=\"wp-block-spacer\"><\/div>\n\n\n\n<p class=\"has-text-align-center has-vivid-green-cyan-color has-text-color has-link-color has-large-font-size wp-elements-e443f560e69360db6804b75df16d3277\"><strong>P\u0159ij\u010fte si odpo\u010dinout<\/strong><\/p>\n\n\n\n<div style=\"height:30px\" aria-hidden=\"true\" class=\"wp-block-spacer\"><\/div>\n\n\n\n<p class=\"has-text-align-center has-black-color has-text-color has-link-color wp-elements-2a4c968a4eb8347ebb475c31db13547e\" style=\"font-size:18px\"><strong>Regenera\u010dn\u00ed mas\u00e1\u017e<\/strong><\/p>\n\n\n\n<p class=\"has-text-align-center has-black-color has-text-color has-link-color wp-elements-2dffb2fe32ed4ccd0b5d0c846cf3a240\" style=\"font-size:18px\"><strong>L\u00e1vov\u00e9 kameny&nbsp;<\/strong><\/p>\n\n\n\n<p class=\"has-text-align-center has-black-color has-text-color has-link-color wp-elements-c62e612c22508bc96c4850debd179c8a\" style=\"font-size:18px\"><strong>Mas\u00e1\u017e hlavy<\/strong> <strong>a obli\u010deje<\/strong><\/p>\n\n\n\n<div style=\"height:100px\" aria-hidden=\"true\" class=\"wp-block-spacer\"><\/div>\n\n\n\n<p class=\"has-text-align-center has-black-color has-text-color has-link-color wp-elements-90f757e0d71d55de11778fbb69c0237b\" style=\"font-size:24px\"><strong>Pro maxim\u00e1ln\u00ed efekt mas\u00e1\u017ee a tak\u00e9 dle Va\u0161\u00ed aktu\u00e1ln\u00ed pot\u0159eby vyu\u017e\u00edv\u00e1m:<\/strong><\/p>\n\n\n\n<div style=\"height:50px\" aria-hidden=\"true\" class=\"wp-block-spacer\"><\/div>\n\n\n\n<div class=\"wp-block-media-text is-stacked-on-mobile\" style=\"grid-template-columns:37% auto\"><figure class=\"wp-block-media-text__media\"><img loading=\"lazy\" decoding=\"async\" width=\"492\" height=\"482\" src=\"https:\/\/www.ozdravnemasaze.cz\/uvod\/wp-content\/uploads\/2024\/09\/Guasha-2.png\" alt=\"\" class=\"wp-image-301 size-full\" srcset=\"https:\/\/www.ozdravnemasaze.cz\/uvod\/wp-content\/uploads\/2024\/09\/Guasha-2.png 492w, https:\/\/www.ozdravnemasaze.cz\/uvod\/wp-content\/uploads\/2024\/09\/Guasha-2-300x294.png 300w\" sizes=\"auto, (max-width: 492px) 100vw, 492px\" \/><\/figure><div class=\"wp-block-media-text__content\">\n<p class=\"has-text-align-center has-vivid-cyan-blue-color has-text-color has-link-color wp-elements-64a5ed81d1616b87f0495ec10e6db2cc\" style=\"font-size:22px\"><strong>GUA SHA KAMENY<\/strong><\/p>\n\n\n\n<p class=\"has-text-align-center has-black-color has-text-color has-link-color wp-elements-57b18b1e2965d10366124b8e1ab85f40\" style=\"font-size:18px\"><strong>Prokrvuj\u00ed, zm\u00edr\u0148uj\u00ed vr\u00e1sky \u010di otoky, detoxikuj\u00ed ple\u0165<\/strong>.<\/p>\n<\/div><\/div>\n\n\n\n<div style=\"height:100px\" aria-hidden=\"true\" class=\"wp-block-spacer\"><\/div>\n\n\n\n<div class=\"wp-block-media-text has-media-on-the-right is-stacked-on-mobile\" style=\"grid-template-columns:auto 32%\"><div class=\"wp-block-media-text__content\">\n<p class=\"has-text-align-center has-vivid-cyan-blue-color has-text-color has-link-color wp-elements-a2b4d9a82b0a75dae8c28fe19fb530b5\" style=\"font-size:22px\"><strong>MOXOV\u00c1N\u00cd<\/strong><\/p>\n\n\n\n<p class=\"has-text-align-center has-black-color has-text-color has-link-color wp-elements-46563ef003c1623af89f2084bf73c22c\" style=\"font-size:18px\"><strong>Stimuluje tok energie s n\u00e1sleduj\u00edc\u00edmi \u00fa\u010dinky:&nbsp;<\/strong><\/p>\n\n\n\n<p class=\"has-text-align-center has-black-color has-text-color has-link-color wp-elements-ae07c078920f202b8c73e5dece86adcb\"><strong>zlep\u0161uje imunitu, <\/strong><\/p>\n\n\n\n<p class=\"has-text-align-center has-black-color has-text-color has-link-color wp-elements-e787debeb2778f77a83109f0275ab428\"><strong>podporuje regeneraci organismu <\/strong><\/p>\n\n\n\n<p class=\"has-text-align-center has-black-color has-text-color has-link-color wp-elements-6bfdade014a8298ff90e735fc2210267\"><strong>normalizuje vegetativn\u00ed funkce, <\/strong><\/p>\n\n\n\n<p class=\"has-text-align-center has-black-color has-text-color has-link-color wp-elements-cefe8cbb42643547141456f9a675a1d7\"><strong>posiluje org\u00e1nov\u00e9 dr\u00e1hy, <\/strong><\/p>\n\n\n\n<p class=\"has-text-align-center has-black-color has-text-color has-link-color wp-elements-c10d56d5de8701a92fe39051a33a7fa5\"><strong>navozuje stav relaxace, <\/strong><\/p>\n\n\n\n<p class=\"has-text-align-center has-black-color has-text-color has-link-color wp-elements-a387bd41dbd8080598d406672280b001\"><strong>podporuje tr\u00e1ven\u00ed.<\/strong><\/p>\n<\/div><figure class=\"wp-block-media-text__media\"><img loading=\"lazy\" decoding=\"async\" width=\"370\" height=\"353\" src=\"https:\/\/www.ozdravnemasaze.cz\/uvod\/wp-content\/uploads\/2024\/09\/moxa.jpg\" alt=\"\" class=\"wp-image-299 size-full\" srcset=\"https:\/\/www.ozdravnemasaze.cz\/uvod\/wp-content\/uploads\/2024\/09\/moxa.jpg 370w, https:\/\/www.ozdravnemasaze.cz\/uvod\/wp-content\/uploads\/2024\/09\/moxa-300x286.jpg 300w\" sizes=\"auto, (max-width: 370px) 100vw, 370px\" \/><\/figure><\/div>\n\n\n\n<div style=\"height:100px\" aria-hidden=\"true\" class=\"wp-block-spacer\"><\/div>\n\n\n\n<div class=\"wp-block-media-text is-stacked-on-mobile\" style=\"grid-template-columns:34% auto\"><figure class=\"wp-block-media-text__media\"><img loading=\"lazy\" decoding=\"async\" width=\"451\" height=\"442\" src=\"https:\/\/www.ozdravnemasaze.cz\/uvod\/wp-content\/uploads\/2024\/09\/kameny.png\" alt=\"\" class=\"wp-image-298 size-full\" srcset=\"https:\/\/www.ozdravnemasaze.cz\/uvod\/wp-content\/uploads\/2024\/09\/kameny.png 451w, https:\/\/www.ozdravnemasaze.cz\/uvod\/wp-content\/uploads\/2024\/09\/kameny-300x294.png 300w\" sizes=\"auto, (max-width: 451px) 100vw, 451px\" \/><\/figure><div class=\"wp-block-media-text__content\">\n<p class=\"has-text-align-center has-vivid-cyan-blue-color has-text-color has-link-color wp-elements-64091c5792ed46a12999f7c889b1cc24\" style=\"font-size:22px\"><strong>L\u00c1VOV\u00c9 KAMENY<\/strong><\/p>\n\n\n\n<p class=\"has-text-align-center has-black-color has-text-color has-link-color wp-elements-ff86ba81a625e08ee8c2e27ceba8d23f\" style=\"font-size:18px\"><strong>Zejm\u00e9na na podzim a v&nbsp;zim\u011b p\u0159in\u00e1\u0161\u00ed sval\u016fm \u00falevu a zlep\u0161uj\u00ed \u00fa\u010dinek mas\u00e1\u017ee<\/strong>.<\/p>\n<\/div><\/div>\n","protected":false},"excerpt":{"rendered":"<p>Cesta ke zdrav\u00ed TUI NA Tui Na \u2013 za\u017eijte jedine\u010dnou a stalet\u00edmi ov\u011b\u0159enou terapii. Terapie vyu\u017e\u00edvaj\u00edc\u00ed techniky mas\u00e1\u017e\u00ed a tlak\u016f na akupresurn\u00ed body. Vych\u00e1z\u00ed z tradi\u010dn\u00ed \u010d\u00ednsk\u00e9 medic\u00edny&#8230;..v\u00edce MADERO TERAPIE Madero &#8211; poj\u010fme rozproudit lymfu, zbavit se celulitidy&#8230;.v\u00edce LYMFATICK\u00c1 MAS\u00c1\u017d Pomo\u017eme t\u011blu zbavit se toxin\u016f \u2026 P\u0159ij\u010fte si odpo\u010dinout Regenera\u010dn\u00ed mas\u00e1\u017e L\u00e1vov\u00e9 kameny&nbsp; Mas\u00e1\u017e hlavy [&hellip;]<\/p>\n","protected":false},"author":1,"featured_media":0,"parent":0,"menu_order":0,"comment_status":"closed","ping_status":"closed","template":"","meta":{"footnotes":""},"class_list":["post-203","page","type-page","status-publish","hentry"],"yoast_head":"<!-- This site is optimized with the Yoast SEO plugin v27.5 - https:\/\/yoast.com\/product\/yoast-seo-wordpress\/ -->\n<title>- Ozdravn\u00e9 Mas\u00e1\u017ee<\/title>\n<meta name=\"robots\" content=\"index, follow, max-snippet:-1, max-image-preview:large, max-video-preview:-1\" \/>\n<link rel=\"canonical\" href=\"https:\/\/www.ozdravnemasaze.cz\/uvod\/\" \/>\n<meta property=\"og:locale\" content=\"cs_CZ\" \/>\n<meta property=\"og:type\" content=\"article\" \/>\n<meta property=\"og:title\" content=\"- Ozdravn\u00e9 Mas\u00e1\u017ee\" \/>\n<meta property=\"og:description\" content=\"Cesta ke zdrav\u00ed TUI NA Tui Na \u2013 za\u017eijte jedine\u010dnou a stalet\u00edmi ov\u011b\u0159enou terapii. Terapie vyu\u017e\u00edvaj\u00edc\u00ed techniky mas\u00e1\u017e\u00ed a tlak\u016f na akupresurn\u00ed body. Vych\u00e1z\u00ed z tradi\u010dn\u00ed \u010d\u00ednsk\u00e9 medic\u00edny&#8230;..v\u00edce MADERO TERAPIE Madero &#8211; poj\u010fme rozproudit lymfu, zbavit se celulitidy&#8230;.v\u00edce LYMFATICK\u00c1 MAS\u00c1\u017d Pomo\u017eme t\u011blu zbavit se toxin\u016f \u2026 P\u0159ij\u010fte si odpo\u010dinout Regenera\u010dn\u00ed mas\u00e1\u017e L\u00e1vov\u00e9 kameny&nbsp; Mas\u00e1\u017e hlavy [&hellip;]\" \/>\n<meta property=\"og:url\" content=\"https:\/\/www.ozdravnemasaze.cz\/uvod\/\" \/>\n<meta property=\"og:site_name\" content=\"Ozdravn\u00e9 Mas\u00e1\u017ee\" \/>\n<meta property=\"article:modified_time\" content=\"2025-07-07T16:56:11+00:00\" \/>\n<meta property=\"og:image\" content=\"https:\/\/www.ozdravnemasaze.cz\/uvod\/wp-content\/uploads\/2024\/12\/C2612227-CB9D-4FED-840A-A8002491CD64-scaled-e1733656186155.jpeg\" \/>\n\t<meta property=\"og:image:width\" content=\"2560\" \/>\n\t<meta property=\"og:image:height\" content=\"1292\" \/>\n\t<meta property=\"og:image:type\" content=\"image\/jpeg\" \/>\n<meta name=\"twitter:card\" content=\"summary_large_image\" \/>\n<meta name=\"twitter:label1\" content=\"Odhadovan\u00e1 doba \u010dten\u00ed\" \/>\n\t<meta name=\"twitter:data1\" content=\"2 minuty\" \/>\n<script type=\"application\/ld+json\" class=\"yoast-schema-graph\">{\"@context\":\"https:\\\/\\\/schema.org\",\"@graph\":[{\"@type\":\"WebPage\",\"@id\":\"https:\\\/\\\/www.ozdravnemasaze.cz\\\/uvod\\\/\",\"url\":\"https:\\\/\\\/www.ozdravnemasaze.cz\\\/uvod\\\/\",\"name\":\"- Ozdravn\u00e9 Mas\u00e1\u017ee\",\"isPartOf\":{\"@id\":\"https:\\\/\\\/www.ozdravnemasaze.cz\\\/uvod\\\/#website\"},\"primaryImageOfPage\":{\"@id\":\"https:\\\/\\\/www.ozdravnemasaze.cz\\\/uvod\\\/#primaryimage\"},\"image\":{\"@id\":\"https:\\\/\\\/www.ozdravnemasaze.cz\\\/uvod\\\/#primaryimage\"},\"thumbnailUrl\":\"https:\\\/\\\/www.ozdravnemasaze.cz\\\/uvod\\\/wp-content\\\/uploads\\\/2024\\\/12\\\/C2612227-CB9D-4FED-840A-A8002491CD64-scaled-e1733656186155-1024x517.jpeg\",\"datePublished\":\"2024-09-01T09:16:48+00:00\",\"dateModified\":\"2025-07-07T16:56:11+00:00\",\"inLanguage\":\"cs\",\"potentialAction\":[{\"@type\":\"ReadAction\",\"target\":[\"https:\\\/\\\/www.ozdravnemasaze.cz\\\/uvod\\\/\"]}]},{\"@type\":\"ImageObject\",\"inLanguage\":\"cs\",\"@id\":\"https:\\\/\\\/www.ozdravnemasaze.cz\\\/uvod\\\/#primaryimage\",\"url\":\"https:\\\/\\\/www.ozdravnemasaze.cz\\\/uvod\\\/wp-content\\\/uploads\\\/2024\\\/12\\\/C2612227-CB9D-4FED-840A-A8002491CD64-scaled-e1733656186155.jpeg\",\"contentUrl\":\"https:\\\/\\\/www.ozdravnemasaze.cz\\\/uvod\\\/wp-content\\\/uploads\\\/2024\\\/12\\\/C2612227-CB9D-4FED-840A-A8002491CD64-scaled-e1733656186155.jpeg\",\"width\":2560,\"height\":1292},{\"@type\":\"WebSite\",\"@id\":\"https:\\\/\\\/www.ozdravnemasaze.cz\\\/uvod\\\/#website\",\"url\":\"https:\\\/\\\/www.ozdravnemasaze.cz\\\/uvod\\\/\",\"name\":\"Ozdravn\u00e9 Mas\u00e1\u017ee\",\"description\":\"Ozdravn\u00e9 Mas\u00e1\u017ee\",\"potentialAction\":[{\"@type\":\"SearchAction\",\"target\":{\"@type\":\"EntryPoint\",\"urlTemplate\":\"https:\\\/\\\/www.ozdravnemasaze.cz\\\/uvod\\\/?s={search_term_string}\"},\"query-input\":{\"@type\":\"PropertyValueSpecification\",\"valueRequired\":true,\"valueName\":\"search_term_string\"}}],\"inLanguage\":\"cs\"}]}<\/script>\n<!-- \/ Yoast SEO plugin. -->","yoast_head_json":{"title":"- Ozdravn\u00e9 Mas\u00e1\u017ee","robots":{"index":"index","follow":"follow","max-snippet":"max-snippet:-1","max-image-preview":"max-image-preview:large","max-video-preview":"max-video-preview:-1"},"canonical":"https:\/\/www.ozdravnemasaze.cz\/uvod\/","og_locale":"cs_CZ","og_type":"article","og_title":"- Ozdravn\u00e9 Mas\u00e1\u017ee","og_description":"Cesta ke zdrav\u00ed TUI NA Tui Na \u2013 za\u017eijte jedine\u010dnou a stalet\u00edmi ov\u011b\u0159enou terapii. Terapie vyu\u017e\u00edvaj\u00edc\u00ed techniky mas\u00e1\u017e\u00ed a tlak\u016f na akupresurn\u00ed body. Vych\u00e1z\u00ed z tradi\u010dn\u00ed \u010d\u00ednsk\u00e9 medic\u00edny&#8230;..v\u00edce MADERO TERAPIE Madero &#8211; poj\u010fme rozproudit lymfu, zbavit se celulitidy&#8230;.v\u00edce LYMFATICK\u00c1 MAS\u00c1\u017d Pomo\u017eme t\u011blu zbavit se toxin\u016f \u2026 P\u0159ij\u010fte si odpo\u010dinout Regenera\u010dn\u00ed mas\u00e1\u017e L\u00e1vov\u00e9 kameny&nbsp; Mas\u00e1\u017e hlavy [&hellip;]","og_url":"https:\/\/www.ozdravnemasaze.cz\/uvod\/","og_site_name":"Ozdravn\u00e9 Mas\u00e1\u017ee","article_modified_time":"2025-07-07T16:56:11+00:00","og_image":[{"width":2560,"height":1292,"url":"https:\/\/www.ozdravnemasaze.cz\/uvod\/wp-content\/uploads\/2024\/12\/C2612227-CB9D-4FED-840A-A8002491CD64-scaled-e1733656186155.jpeg","type":"image\/jpeg"}],"twitter_card":"summary_large_image","twitter_misc":{"Odhadovan\u00e1 doba \u010dten\u00ed":"2 minuty"},"schema":{"@context":"https:\/\/schema.org","@graph":[{"@type":"WebPage","@id":"https:\/\/www.ozdravnemasaze.cz\/uvod\/","url":"https:\/\/www.ozdravnemasaze.cz\/uvod\/","name":"- Ozdravn\u00e9 Mas\u00e1\u017ee","isPartOf":{"@id":"https:\/\/www.ozdravnemasaze.cz\/uvod\/#website"},"primaryImageOfPage":{"@id":"https:\/\/www.ozdravnemasaze.cz\/uvod\/#primaryimage"},"image":{"@id":"https:\/\/www.ozdravnemasaze.cz\/uvod\/#primaryimage"},"thumbnailUrl":"https:\/\/www.ozdravnemasaze.cz\/uvod\/wp-content\/uploads\/2024\/12\/C2612227-CB9D-4FED-840A-A8002491CD64-scaled-e1733656186155-1024x517.jpeg","datePublished":"2024-09-01T09:16:48+00:00","dateModified":"2025-07-07T16:56:11+00:00","inLanguage":"cs","potentialAction":[{"@type":"ReadAction","target":["https:\/\/www.ozdravnemasaze.cz\/uvod\/"]}]},{"@type":"ImageObject","inLanguage":"cs","@id":"https:\/\/www.ozdravnemasaze.cz\/uvod\/#primaryimage","url":"https:\/\/www.ozdravnemasaze.cz\/uvod\/wp-content\/uploads\/2024\/12\/C2612227-CB9D-4FED-840A-A8002491CD64-scaled-e1733656186155.jpeg","contentUrl":"https:\/\/www.ozdravnemasaze.cz\/uvod\/wp-content\/uploads\/2024\/12\/C2612227-CB9D-4FED-840A-A8002491CD64-scaled-e1733656186155.jpeg","width":2560,"height":1292},{"@type":"WebSite","@id":"https:\/\/www.ozdravnemasaze.cz\/uvod\/#website","url":"https:\/\/www.ozdravnemasaze.cz\/uvod\/","name":"Ozdravn\u00e9 Mas\u00e1\u017ee","description":"Ozdravn\u00e9 Mas\u00e1\u017ee","potentialAction":[{"@type":"SearchAction","target":{"@type":"EntryPoint","urlTemplate":"https:\/\/www.ozdravnemasaze.cz\/uvod\/?s={search_term_string}"},"query-input":{"@type":"PropertyValueSpecification","valueRequired":true,"valueName":"search_term_string"}}],"inLanguage":"cs"}]}},"_links":{"self":[{"href":"https:\/\/www.ozdravnemasaze.cz\/uvod\/index.php\/wp-json\/wp\/v2\/pages\/203","targetHints":{"allow":["GET"]}}],"collection":[{"href":"https:\/\/www.ozdravnemasaze.cz\/uvod\/index.php\/wp-json\/wp\/v2\/pages"}],"about":[{"href":"https:\/\/www.ozdravnemasaze.cz\/uvod\/index.php\/wp-json\/wp\/v2\/types\/page"}],"author":[{"embeddable":true,"href":"https:\/\/www.ozdravnemasaze.cz\/uvod\/index.php\/wp-json\/wp\/v2\/users\/1"}],"replies":[{"embeddable":true,"href":"https:\/\/www.ozdravnemasaze.cz\/uvod\/index.php\/wp-json\/wp\/v2\/comments?post=203"}],"version-history":[{"count":6,"href":"https:\/\/www.ozdravnemasaze.cz\/uvod\/index.php\/wp-json\/wp\/v2\/pages\/203\/revisions"}],"predecessor-version":[{"id":403,"href":"https:\/\/www.ozdravnemasaze.cz\/uvod\/index.php\/wp-json\/wp\/v2\/pages\/203\/revisions\/403"}],"wp:attachment":[{"href":"https:\/\/www.ozdravnemasaze.cz\/uvod\/index.php\/wp-json\/wp\/v2\/media?parent=203"}],"curies":[{"name":"wp","href":"https:\/\/api.w.org\/{rel}","templated":true}]}}