{"id":312,"date":"2024-09-22T16:31:04","date_gmt":"2024-09-22T14:31:04","guid":{"rendered":"https:\/\/www.ozdravnemasaze.cz\/uvod\/?page_id=312"},"modified":"2025-07-07T18:59:39","modified_gmt":"2025-07-07T16:59:39","slug":"o-metode","status":"publish","type":"page","link":"https:\/\/www.ozdravnemasaze.cz\/uvod\/index.php\/o-metode\/","title":{"rendered":"O metod\u011b"},"content":{"rendered":"\n<div style=\"height:30px\" aria-hidden=\"true\" class=\"wp-block-spacer\"><\/div>\n\n\n\n<p class=\"has-black-color has-text-color has-link-color wp-elements-46d8261b83dba85160a3dceefd773e52\"><strong>Tui Na<\/strong>\u00a0&#8211; mas\u00e1\u017e kter\u00e1 pracuje s tlakov\u00fdmi body a energi\u00ed toku pod\u00e9l meridi\u00e1n\u016f v t\u011ble, podobn\u011b jako akupunktura.\u00a0Vych\u00e1z\u00ed z tradi\u010dn\u00ed \u010d\u00ednsk\u00e9 medic\u00edny \u2013 princip\u016f jinu a jangu a zejm\u00e9na teorie o meridi\u00e1nech (drah\u00e1ch energie).\u00a0Pou\u017e\u00edvaj\u00ed se specifick\u00e9 techniky tlaku, t\u0159en\u00ed a manipulace k uvoln\u011bn\u00ed blokovan\u00e9 energie a obnoven\u00ed harmonie v t\u011ble. T\u00edm se podporuje krevn\u00ed ob\u011bh, uvol\u0148uj\u00ed se svalov\u00e1 nap\u011bt\u00ed a stimuluje se p\u0159irozen\u00e1 schopnost t\u011bla uzdravovat se.<\/p>\n\n\n\n<p class=\"has-black-color has-text-color has-link-color wp-elements-4536c2ba859f6e3ea3f3f83ac8eabc73\">Mezi dal\u0161\u00ed metody vyu\u017e\u00edvan\u00e9 v r\u00e1mci mas\u00e1\u017ee se \u0159ad\u00ed:<\/p>\n\n\n\n<p class=\"has-black-color has-text-color has-link-color wp-elements-3b4327cff58ee9252ee7b6b8dd36e7f2\"><strong>FUWEIFA<\/strong> &#8211; terapeutick\u00e1 metoda spo\u010d\u00edv\u00e1 hlavn\u011b v n\u00e1prav\u011b polohy kloubn\u00edch spojen\u00ed a harmonizaci funkce svalstva, \u0161lach a fasci\u00e1ln\u00edho syst\u00e9mu t\u011bla.<\/p>\n\n\n\n<p class=\"has-black-color has-text-color has-link-color wp-elements-c1c23e38cc52dbe0415d2753038b0bd3\"><strong>SONGJIN<\/strong> &#8211; metoda uvol\u0148ov\u00e1n\u00ed \u0161lachosval\u016f. Zpr\u016fchod\u0148uje velmi v\u00fdrazn\u011b tok Qi (energie) v drah\u00e1ch skrze uvoln\u011bn\u00ed m\u011bkk\u00fdch tk\u00e1n\u00ed.<\/p>\n\n\n\n<p><\/p>\n","protected":false},"excerpt":{"rendered":"<p>Tui Na\u00a0&#8211; mas\u00e1\u017e kter\u00e1 pracuje s tlakov\u00fdmi body a energi\u00ed toku pod\u00e9l meridi\u00e1n\u016f v t\u011ble, podobn\u011b jako akupunktura.\u00a0Vych\u00e1z\u00ed z tradi\u010dn\u00ed \u010d\u00ednsk\u00e9 medic\u00edny \u2013 princip\u016f jinu a jangu a zejm\u00e9na teorie o meridi\u00e1nech (drah\u00e1ch energie).\u00a0Pou\u017e\u00edvaj\u00ed se specifick\u00e9 techniky tlaku, t\u0159en\u00ed a manipulace k uvoln\u011bn\u00ed blokovan\u00e9 energie a obnoven\u00ed harmonie v t\u011ble. T\u00edm se podporuje krevn\u00ed ob\u011bh, [&hellip;]<\/p>\n","protected":false},"author":1,"featured_media":0,"parent":0,"menu_order":0,"comment_status":"closed","ping_status":"closed","template":"","meta":{"footnotes":""},"class_list":["post-312","page","type-page","status-publish","hentry"],"yoast_head":"<!-- This site is optimized with the Yoast SEO plugin v27.5 - https:\/\/yoast.com\/product\/yoast-seo-wordpress\/ -->\n<title>O metod\u011b - Ozdravn\u00e9 Mas\u00e1\u017ee<\/title>\n<meta name=\"robots\" content=\"index, follow, max-snippet:-1, max-image-preview:large, max-video-preview:-1\" \/>\n<link rel=\"canonical\" href=\"https:\/\/www.ozdravnemasaze.cz\/uvod\/index.php\/o-metode\/\" \/>\n<meta property=\"og:locale\" content=\"cs_CZ\" \/>\n<meta property=\"og:type\" content=\"article\" \/>\n<meta property=\"og:title\" content=\"O metod\u011b - Ozdravn\u00e9 Mas\u00e1\u017ee\" \/>\n<meta property=\"og:description\" content=\"Tui Na\u00a0&#8211; mas\u00e1\u017e kter\u00e1 pracuje s tlakov\u00fdmi body a energi\u00ed toku pod\u00e9l meridi\u00e1n\u016f v t\u011ble, podobn\u011b jako akupunktura.\u00a0Vych\u00e1z\u00ed z tradi\u010dn\u00ed \u010d\u00ednsk\u00e9 medic\u00edny \u2013 princip\u016f jinu a jangu a zejm\u00e9na teorie o meridi\u00e1nech (drah\u00e1ch energie).\u00a0Pou\u017e\u00edvaj\u00ed se specifick\u00e9 techniky tlaku, t\u0159en\u00ed a manipulace k uvoln\u011bn\u00ed blokovan\u00e9 energie a obnoven\u00ed harmonie v t\u011ble. T\u00edm se podporuje krevn\u00ed ob\u011bh, [&hellip;]\" \/>\n<meta property=\"og:url\" content=\"https:\/\/www.ozdravnemasaze.cz\/uvod\/index.php\/o-metode\/\" \/>\n<meta property=\"og:site_name\" content=\"Ozdravn\u00e9 Mas\u00e1\u017ee\" \/>\n<meta property=\"article:modified_time\" content=\"2025-07-07T16:59:39+00:00\" \/>\n<meta name=\"twitter:card\" content=\"summary_large_image\" \/>\n<meta name=\"twitter:label1\" content=\"Odhadovan\u00e1 doba \u010dten\u00ed\" \/>\n\t<meta name=\"twitter:data1\" content=\"1 minuta\" \/>\n<script type=\"application\/ld+json\" class=\"yoast-schema-graph\">{\"@context\":\"https:\\\/\\\/schema.org\",\"@graph\":[{\"@type\":\"WebPage\",\"@id\":\"https:\\\/\\\/www.ozdravnemasaze.cz\\\/uvod\\\/index.php\\\/o-metode\\\/\",\"url\":\"https:\\\/\\\/www.ozdravnemasaze.cz\\\/uvod\\\/index.php\\\/o-metode\\\/\",\"name\":\"O metod\u011b - Ozdravn\u00e9 Mas\u00e1\u017ee\",\"isPartOf\":{\"@id\":\"https:\\\/\\\/www.ozdravnemasaze.cz\\\/uvod\\\/#website\"},\"datePublished\":\"2024-09-22T14:31:04+00:00\",\"dateModified\":\"2025-07-07T16:59:39+00:00\",\"breadcrumb\":{\"@id\":\"https:\\\/\\\/www.ozdravnemasaze.cz\\\/uvod\\\/index.php\\\/o-metode\\\/#breadcrumb\"},\"inLanguage\":\"cs\",\"potentialAction\":[{\"@type\":\"ReadAction\",\"target\":[\"https:\\\/\\\/www.ozdravnemasaze.cz\\\/uvod\\\/index.php\\\/o-metode\\\/\"]}]},{\"@type\":\"BreadcrumbList\",\"@id\":\"https:\\\/\\\/www.ozdravnemasaze.cz\\\/uvod\\\/index.php\\\/o-metode\\\/#breadcrumb\",\"itemListElement\":[{\"@type\":\"ListItem\",\"position\":1,\"name\":\"Home\",\"item\":\"https:\\\/\\\/www.ozdravnemasaze.cz\\\/uvod\\\/\"},{\"@type\":\"ListItem\",\"position\":2,\"name\":\"O metod\u011b\"}]},{\"@type\":\"WebSite\",\"@id\":\"https:\\\/\\\/www.ozdravnemasaze.cz\\\/uvod\\\/#website\",\"url\":\"https:\\\/\\\/www.ozdravnemasaze.cz\\\/uvod\\\/\",\"name\":\"Ozdravn\u00e9 Mas\u00e1\u017ee\",\"description\":\"Ozdravn\u00e9 Mas\u00e1\u017ee\",\"potentialAction\":[{\"@type\":\"SearchAction\",\"target\":{\"@type\":\"EntryPoint\",\"urlTemplate\":\"https:\\\/\\\/www.ozdravnemasaze.cz\\\/uvod\\\/?s={search_term_string}\"},\"query-input\":{\"@type\":\"PropertyValueSpecification\",\"valueRequired\":true,\"valueName\":\"search_term_string\"}}],\"inLanguage\":\"cs\"}]}<\/script>\n<!-- \/ Yoast SEO plugin. -->","yoast_head_json":{"title":"O metod\u011b - Ozdravn\u00e9 Mas\u00e1\u017ee","robots":{"index":"index","follow":"follow","max-snippet":"max-snippet:-1","max-image-preview":"max-image-preview:large","max-video-preview":"max-video-preview:-1"},"canonical":"https:\/\/www.ozdravnemasaze.cz\/uvod\/index.php\/o-metode\/","og_locale":"cs_CZ","og_type":"article","og_title":"O metod\u011b - Ozdravn\u00e9 Mas\u00e1\u017ee","og_description":"Tui Na\u00a0&#8211; mas\u00e1\u017e kter\u00e1 pracuje s tlakov\u00fdmi body a energi\u00ed toku pod\u00e9l meridi\u00e1n\u016f v t\u011ble, podobn\u011b jako akupunktura.\u00a0Vych\u00e1z\u00ed z tradi\u010dn\u00ed \u010d\u00ednsk\u00e9 medic\u00edny \u2013 princip\u016f jinu a jangu a zejm\u00e9na teorie o meridi\u00e1nech (drah\u00e1ch energie).\u00a0Pou\u017e\u00edvaj\u00ed se specifick\u00e9 techniky tlaku, t\u0159en\u00ed a manipulace k uvoln\u011bn\u00ed blokovan\u00e9 energie a obnoven\u00ed harmonie v t\u011ble. T\u00edm se podporuje krevn\u00ed ob\u011bh, [&hellip;]","og_url":"https:\/\/www.ozdravnemasaze.cz\/uvod\/index.php\/o-metode\/","og_site_name":"Ozdravn\u00e9 Mas\u00e1\u017ee","article_modified_time":"2025-07-07T16:59:39+00:00","twitter_card":"summary_large_image","twitter_misc":{"Odhadovan\u00e1 doba \u010dten\u00ed":"1 minuta"},"schema":{"@context":"https:\/\/schema.org","@graph":[{"@type":"WebPage","@id":"https:\/\/www.ozdravnemasaze.cz\/uvod\/index.php\/o-metode\/","url":"https:\/\/www.ozdravnemasaze.cz\/uvod\/index.php\/o-metode\/","name":"O metod\u011b - Ozdravn\u00e9 Mas\u00e1\u017ee","isPartOf":{"@id":"https:\/\/www.ozdravnemasaze.cz\/uvod\/#website"},"datePublished":"2024-09-22T14:31:04+00:00","dateModified":"2025-07-07T16:59:39+00:00","breadcrumb":{"@id":"https:\/\/www.ozdravnemasaze.cz\/uvod\/index.php\/o-metode\/#breadcrumb"},"inLanguage":"cs","potentialAction":[{"@type":"ReadAction","target":["https:\/\/www.ozdravnemasaze.cz\/uvod\/index.php\/o-metode\/"]}]},{"@type":"BreadcrumbList","@id":"https:\/\/www.ozdravnemasaze.cz\/uvod\/index.php\/o-metode\/#breadcrumb","itemListElement":[{"@type":"ListItem","position":1,"name":"Home","item":"https:\/\/www.ozdravnemasaze.cz\/uvod\/"},{"@type":"ListItem","position":2,"name":"O metod\u011b"}]},{"@type":"WebSite","@id":"https:\/\/www.ozdravnemasaze.cz\/uvod\/#website","url":"https:\/\/www.ozdravnemasaze.cz\/uvod\/","name":"Ozdravn\u00e9 Mas\u00e1\u017ee","description":"Ozdravn\u00e9 Mas\u00e1\u017ee","potentialAction":[{"@type":"SearchAction","target":{"@type":"EntryPoint","urlTemplate":"https:\/\/www.ozdravnemasaze.cz\/uvod\/?s={search_term_string}"},"query-input":{"@type":"PropertyValueSpecification","valueRequired":true,"valueName":"search_term_string"}}],"inLanguage":"cs"}]}},"_links":{"self":[{"href":"https:\/\/www.ozdravnemasaze.cz\/uvod\/index.php\/wp-json\/wp\/v2\/pages\/312","targetHints":{"allow":["GET"]}}],"collection":[{"href":"https:\/\/www.ozdravnemasaze.cz\/uvod\/index.php\/wp-json\/wp\/v2\/pages"}],"about":[{"href":"https:\/\/www.ozdravnemasaze.cz\/uvod\/index.php\/wp-json\/wp\/v2\/types\/page"}],"author":[{"embeddable":true,"href":"https:\/\/www.ozdravnemasaze.cz\/uvod\/index.php\/wp-json\/wp\/v2\/users\/1"}],"replies":[{"embeddable":true,"href":"https:\/\/www.ozdravnemasaze.cz\/uvod\/index.php\/wp-json\/wp\/v2\/comments?post=312"}],"version-history":[{"count":4,"href":"https:\/\/www.ozdravnemasaze.cz\/uvod\/index.php\/wp-json\/wp\/v2\/pages\/312\/revisions"}],"predecessor-version":[{"id":406,"href":"https:\/\/www.ozdravnemasaze.cz\/uvod\/index.php\/wp-json\/wp\/v2\/pages\/312\/revisions\/406"}],"wp:attachment":[{"href":"https:\/\/www.ozdravnemasaze.cz\/uvod\/index.php\/wp-json\/wp\/v2\/media?parent=312"}],"curies":[{"name":"wp","href":"https:\/\/api.w.org\/{rel}","templated":true}]}}