{"id":314,"date":"2024-09-22T16:31:05","date_gmt":"2024-09-22T14:31:05","guid":{"rendered":"https:\/\/www.ozdravnemasaze.cz\/uvod\/?page_id=314"},"modified":"2025-07-07T19:02:01","modified_gmt":"2025-07-07T17:02:01","slug":"kde-pomaha","status":"publish","type":"page","link":"https:\/\/www.ozdravnemasaze.cz\/uvod\/index.php\/kde-pomaha\/","title":{"rendered":"Kde pom\u00e1h\u00e1"},"content":{"rendered":"\n<p class=\"has-black-color has-text-color has-link-color wp-elements-d2b4622d2ac417daefc2998c39218350\">Tato mas\u00e1\u017en\u00ed technika je \u00fa\u010dinn\u00e1 p\u0159i \u0159e\u0161en\u00ed r\u016fzn\u00fdch typ\u016f bolesti, v\u010detn\u011b bolesti zad, sval\u016f, kloub\u016f \u010di hlavy. Stimuluje imunitn\u00ed syst\u00e9m, pom\u00e1h\u00e1 odblokovat energetick\u00e9 blok\u00e1dy, podporuje tok lymfy a krevn\u00edho ob\u011bhu.&nbsp;<\/p>\n\n\n\n<p class=\"has-black-color has-text-color has-link-color wp-elements-7c371024151a36690c270accd3ad0aed\">Pozitivn\u00ed \u00fa\u010dinky m\u00e1 na:<\/p>\n\n\n\n<ul class=\"wp-block-list has-black-color has-text-color has-link-color wp-elements-b3e45cabd3ce6725e4b95d09124f8b27\">\n<li><strong>Ob\u011bhov\u00fd syst\u00e9m <\/strong>(zlep\u0161ov\u00e1n\u00ed cirkulace krve a prokrvov\u00e1n\u00ed mozku)<\/li>\n\n\n\n<li><strong>Respira\u010dn\u00ed syst\u00e9m<\/strong> (zvy\u0161ov\u00e1n\u00ed kapacity plic)<\/li>\n\n\n\n<li><strong>Tr\u00e1vic\u00ed syst\u00e9m<\/strong> (stimulace peristaltiky st\u0159ev a zlep\u0161en\u00ed prokrven\u00ed v b\u0159i\u0161n\u00ed dutin\u011b)<\/li>\n\n\n\n<li><strong>Endokrinn\u00ed syst\u00e9m <\/strong>(stimulov\u00e1n\u00ed produkce hormon\u016f)<\/li>\n\n\n\n<li><strong>Imunitn\u00ed syst\u00e9m<\/strong> (celkov\u00e1 harmonizace funkc\u00ed org\u00e1n\u016f)<\/li>\n\n\n\n<li><strong>Nervov\u00fd syst\u00e9m<\/strong> (lehk\u00e9 techniky maj\u00ed uklid\u0148uj\u00edc\u00ed \u00fa\u010dinek, siln\u00e9 naopak stimula\u010dn\u00ed)<\/li>\n\n\n\n<li><strong>Pohybov\u00fd apar\u00e1t<\/strong> (uvol\u0148ov\u00e1n\u00ed spazm\u016f, zlep\u0161en\u00ed prokrven\u00ed a l\u00e1tkov\u00e9 v\u00fdm\u011bny ve svalech, regenerace svalstva),<\/li>\n\n\n\n<li><strong>Zlep\u0161en\u00ed kvality a pru\u017enosti k\u016f\u017ee<\/strong><\/li>\n<\/ul>\n\n\n\n<p class=\"has-black-color has-text-color has-link-color wp-elements-9ac00cf961d1ea846fe5a532228b76c6\"><\/p>\n\n\n\n<div style=\"height:100px\" aria-hidden=\"true\" class=\"wp-block-spacer\"><\/div>\n\n\n\n<div style=\"height:100px\" aria-hidden=\"true\" class=\"wp-block-spacer\"><\/div>\n\n\n\n<div style=\"height:100px\" aria-hidden=\"true\" class=\"wp-block-spacer\"><\/div>\n\n\n\n<div style=\"height:100px\" aria-hidden=\"true\" class=\"wp-block-spacer\"><\/div>\n\n\n\n<p><\/p>\n","protected":false},"excerpt":{"rendered":"<p>Tato mas\u00e1\u017en\u00ed technika je \u00fa\u010dinn\u00e1 p\u0159i \u0159e\u0161en\u00ed r\u016fzn\u00fdch typ\u016f bolesti, v\u010detn\u011b bolesti zad, sval\u016f, kloub\u016f \u010di hlavy. Stimuluje imunitn\u00ed syst\u00e9m, pom\u00e1h\u00e1 odblokovat energetick\u00e9 blok\u00e1dy, podporuje tok lymfy a krevn\u00edho ob\u011bhu.&nbsp; Pozitivn\u00ed \u00fa\u010dinky m\u00e1 na:<\/p>\n","protected":false},"author":1,"featured_media":0,"parent":0,"menu_order":0,"comment_status":"closed","ping_status":"closed","template":"","meta":{"footnotes":""},"class_list":["post-314","page","type-page","status-publish","hentry"],"yoast_head":"<!-- This site is optimized with the Yoast SEO plugin v27.5 - https:\/\/yoast.com\/product\/yoast-seo-wordpress\/ -->\n<title>Kde pom\u00e1h\u00e1 - Ozdravn\u00e9 Mas\u00e1\u017ee<\/title>\n<meta name=\"robots\" content=\"index, follow, max-snippet:-1, max-image-preview:large, max-video-preview:-1\" \/>\n<link rel=\"canonical\" href=\"https:\/\/www.ozdravnemasaze.cz\/uvod\/index.php\/kde-pomaha\/\" \/>\n<meta property=\"og:locale\" content=\"cs_CZ\" \/>\n<meta property=\"og:type\" content=\"article\" \/>\n<meta property=\"og:title\" content=\"Kde pom\u00e1h\u00e1 - Ozdravn\u00e9 Mas\u00e1\u017ee\" \/>\n<meta property=\"og:description\" content=\"Tato mas\u00e1\u017en\u00ed technika je \u00fa\u010dinn\u00e1 p\u0159i \u0159e\u0161en\u00ed r\u016fzn\u00fdch typ\u016f bolesti, v\u010detn\u011b bolesti zad, sval\u016f, kloub\u016f \u010di hlavy. Stimuluje imunitn\u00ed syst\u00e9m, pom\u00e1h\u00e1 odblokovat energetick\u00e9 blok\u00e1dy, podporuje tok lymfy a krevn\u00edho ob\u011bhu.&nbsp; Pozitivn\u00ed \u00fa\u010dinky m\u00e1 na:\" \/>\n<meta property=\"og:url\" content=\"https:\/\/www.ozdravnemasaze.cz\/uvod\/index.php\/kde-pomaha\/\" \/>\n<meta property=\"og:site_name\" content=\"Ozdravn\u00e9 Mas\u00e1\u017ee\" \/>\n<meta property=\"article:modified_time\" content=\"2025-07-07T17:02:01+00:00\" \/>\n<meta name=\"twitter:card\" content=\"summary_large_image\" \/>\n<meta name=\"twitter:label1\" content=\"Odhadovan\u00e1 doba \u010dten\u00ed\" \/>\n\t<meta name=\"twitter:data1\" content=\"1 minuta\" \/>\n<script type=\"application\/ld+json\" class=\"yoast-schema-graph\">{\"@context\":\"https:\\\/\\\/schema.org\",\"@graph\":[{\"@type\":\"WebPage\",\"@id\":\"https:\\\/\\\/www.ozdravnemasaze.cz\\\/uvod\\\/index.php\\\/kde-pomaha\\\/\",\"url\":\"https:\\\/\\\/www.ozdravnemasaze.cz\\\/uvod\\\/index.php\\\/kde-pomaha\\\/\",\"name\":\"Kde pom\u00e1h\u00e1 - Ozdravn\u00e9 Mas\u00e1\u017ee\",\"isPartOf\":{\"@id\":\"https:\\\/\\\/www.ozdravnemasaze.cz\\\/uvod\\\/#website\"},\"datePublished\":\"2024-09-22T14:31:05+00:00\",\"dateModified\":\"2025-07-07T17:02:01+00:00\",\"breadcrumb\":{\"@id\":\"https:\\\/\\\/www.ozdravnemasaze.cz\\\/uvod\\\/index.php\\\/kde-pomaha\\\/#breadcrumb\"},\"inLanguage\":\"cs\",\"potentialAction\":[{\"@type\":\"ReadAction\",\"target\":[\"https:\\\/\\\/www.ozdravnemasaze.cz\\\/uvod\\\/index.php\\\/kde-pomaha\\\/\"]}]},{\"@type\":\"BreadcrumbList\",\"@id\":\"https:\\\/\\\/www.ozdravnemasaze.cz\\\/uvod\\\/index.php\\\/kde-pomaha\\\/#breadcrumb\",\"itemListElement\":[{\"@type\":\"ListItem\",\"position\":1,\"name\":\"Home\",\"item\":\"https:\\\/\\\/www.ozdravnemasaze.cz\\\/uvod\\\/\"},{\"@type\":\"ListItem\",\"position\":2,\"name\":\"Kde pom\u00e1h\u00e1\"}]},{\"@type\":\"WebSite\",\"@id\":\"https:\\\/\\\/www.ozdravnemasaze.cz\\\/uvod\\\/#website\",\"url\":\"https:\\\/\\\/www.ozdravnemasaze.cz\\\/uvod\\\/\",\"name\":\"Ozdravn\u00e9 Mas\u00e1\u017ee\",\"description\":\"Ozdravn\u00e9 Mas\u00e1\u017ee\",\"potentialAction\":[{\"@type\":\"SearchAction\",\"target\":{\"@type\":\"EntryPoint\",\"urlTemplate\":\"https:\\\/\\\/www.ozdravnemasaze.cz\\\/uvod\\\/?s={search_term_string}\"},\"query-input\":{\"@type\":\"PropertyValueSpecification\",\"valueRequired\":true,\"valueName\":\"search_term_string\"}}],\"inLanguage\":\"cs\"}]}<\/script>\n<!-- \/ Yoast SEO plugin. -->","yoast_head_json":{"title":"Kde pom\u00e1h\u00e1 - Ozdravn\u00e9 Mas\u00e1\u017ee","robots":{"index":"index","follow":"follow","max-snippet":"max-snippet:-1","max-image-preview":"max-image-preview:large","max-video-preview":"max-video-preview:-1"},"canonical":"https:\/\/www.ozdravnemasaze.cz\/uvod\/index.php\/kde-pomaha\/","og_locale":"cs_CZ","og_type":"article","og_title":"Kde pom\u00e1h\u00e1 - Ozdravn\u00e9 Mas\u00e1\u017ee","og_description":"Tato mas\u00e1\u017en\u00ed technika je \u00fa\u010dinn\u00e1 p\u0159i \u0159e\u0161en\u00ed r\u016fzn\u00fdch typ\u016f bolesti, v\u010detn\u011b bolesti zad, sval\u016f, kloub\u016f \u010di hlavy. Stimuluje imunitn\u00ed syst\u00e9m, pom\u00e1h\u00e1 odblokovat energetick\u00e9 blok\u00e1dy, podporuje tok lymfy a krevn\u00edho ob\u011bhu.&nbsp; Pozitivn\u00ed \u00fa\u010dinky m\u00e1 na:","og_url":"https:\/\/www.ozdravnemasaze.cz\/uvod\/index.php\/kde-pomaha\/","og_site_name":"Ozdravn\u00e9 Mas\u00e1\u017ee","article_modified_time":"2025-07-07T17:02:01+00:00","twitter_card":"summary_large_image","twitter_misc":{"Odhadovan\u00e1 doba \u010dten\u00ed":"1 minuta"},"schema":{"@context":"https:\/\/schema.org","@graph":[{"@type":"WebPage","@id":"https:\/\/www.ozdravnemasaze.cz\/uvod\/index.php\/kde-pomaha\/","url":"https:\/\/www.ozdravnemasaze.cz\/uvod\/index.php\/kde-pomaha\/","name":"Kde pom\u00e1h\u00e1 - Ozdravn\u00e9 Mas\u00e1\u017ee","isPartOf":{"@id":"https:\/\/www.ozdravnemasaze.cz\/uvod\/#website"},"datePublished":"2024-09-22T14:31:05+00:00","dateModified":"2025-07-07T17:02:01+00:00","breadcrumb":{"@id":"https:\/\/www.ozdravnemasaze.cz\/uvod\/index.php\/kde-pomaha\/#breadcrumb"},"inLanguage":"cs","potentialAction":[{"@type":"ReadAction","target":["https:\/\/www.ozdravnemasaze.cz\/uvod\/index.php\/kde-pomaha\/"]}]},{"@type":"BreadcrumbList","@id":"https:\/\/www.ozdravnemasaze.cz\/uvod\/index.php\/kde-pomaha\/#breadcrumb","itemListElement":[{"@type":"ListItem","position":1,"name":"Home","item":"https:\/\/www.ozdravnemasaze.cz\/uvod\/"},{"@type":"ListItem","position":2,"name":"Kde pom\u00e1h\u00e1"}]},{"@type":"WebSite","@id":"https:\/\/www.ozdravnemasaze.cz\/uvod\/#website","url":"https:\/\/www.ozdravnemasaze.cz\/uvod\/","name":"Ozdravn\u00e9 Mas\u00e1\u017ee","description":"Ozdravn\u00e9 Mas\u00e1\u017ee","potentialAction":[{"@type":"SearchAction","target":{"@type":"EntryPoint","urlTemplate":"https:\/\/www.ozdravnemasaze.cz\/uvod\/?s={search_term_string}"},"query-input":{"@type":"PropertyValueSpecification","valueRequired":true,"valueName":"search_term_string"}}],"inLanguage":"cs"}]}},"_links":{"self":[{"href":"https:\/\/www.ozdravnemasaze.cz\/uvod\/index.php\/wp-json\/wp\/v2\/pages\/314","targetHints":{"allow":["GET"]}}],"collection":[{"href":"https:\/\/www.ozdravnemasaze.cz\/uvod\/index.php\/wp-json\/wp\/v2\/pages"}],"about":[{"href":"https:\/\/www.ozdravnemasaze.cz\/uvod\/index.php\/wp-json\/wp\/v2\/types\/page"}],"author":[{"embeddable":true,"href":"https:\/\/www.ozdravnemasaze.cz\/uvod\/index.php\/wp-json\/wp\/v2\/users\/1"}],"replies":[{"embeddable":true,"href":"https:\/\/www.ozdravnemasaze.cz\/uvod\/index.php\/wp-json\/wp\/v2\/comments?post=314"}],"version-history":[{"count":4,"href":"https:\/\/www.ozdravnemasaze.cz\/uvod\/index.php\/wp-json\/wp\/v2\/pages\/314\/revisions"}],"predecessor-version":[{"id":409,"href":"https:\/\/www.ozdravnemasaze.cz\/uvod\/index.php\/wp-json\/wp\/v2\/pages\/314\/revisions\/409"}],"wp:attachment":[{"href":"https:\/\/www.ozdravnemasaze.cz\/uvod\/index.php\/wp-json\/wp\/v2\/media?parent=314"}],"curies":[{"name":"wp","href":"https:\/\/api.w.org\/{rel}","templated":true}]}}