{"id":315,"date":"2024-09-22T16:31:05","date_gmt":"2024-09-22T14:31:05","guid":{"rendered":"https:\/\/www.ozdravnemasaze.cz\/uvod\/?page_id=315"},"modified":"2025-07-07T19:04:18","modified_gmt":"2025-07-07T17:04:18","slug":"upozorneni","status":"publish","type":"page","link":"https:\/\/www.ozdravnemasaze.cz\/uvod\/index.php\/upozorneni\/","title":{"rendered":"Upozorn\u011bn\u00ed"},"content":{"rendered":"\n<p class=\"has-black-color has-text-color has-link-color wp-elements-339b0ff33097de2ca3e3f81ff2ad343b\"><strong>Mas\u00e1\u017e se neprov\u00e1d\u00ed p\u0159i:<\/strong><\/p>\n\n\n\n<ul class=\"wp-block-list has-black-color has-text-color has-link-color wp-elements-f2aaa7f082b83cf0f1e9087a4fffcd73\">\n<li><mark style=\"background-color:rgba(0, 0, 0, 0)\" class=\"has-inline-color has-vivid-red-color\">Infek\u010dn\u00edch a z\u00e1n\u011btliv\u00fdch onemocn\u011bn\u00ed<\/mark><\/li>\n\n\n\n<li><mark style=\"background-color:rgba(0, 0, 0, 0)\" class=\"has-inline-color has-vivid-red-color\">Hore\u010dnat\u00fdch onemocn\u011bn\u00ed (ch\u0159ipka, r\u00fdma,\u2026)<\/mark><\/li>\n\n\n\n<li><mark style=\"background-color:rgba(0, 0, 0, 0)\" class=\"has-inline-color has-vivid-red-color\">Ko\u017en\u00edch nemocech<\/mark><\/li>\n\n\n\n<li><mark style=\"background-color:rgba(0, 0, 0, 0)\" class=\"has-inline-color has-vivid-red-color\">N\u00e1dorov\u00fdch onemocn\u011bn\u00edch<\/mark><\/li>\n\n\n\n<li><mark style=\"background-color:rgba(0, 0, 0, 0)\" class=\"has-inline-color has-vivid-red-color\">Z\u00e1n\u011btech kloub\u016f<\/mark><\/li>\n\n\n\n<li><mark style=\"background-color:rgba(0, 0, 0, 0)\" class=\"has-inline-color has-vivid-red-color\">Chorob\u00e1ch srdce<\/mark><\/li>\n\n\n\n<li><mark style=\"background-color:rgba(0, 0, 0, 0)\" class=\"has-inline-color has-vivid-red-color\">Akutn\u00edm \u00farazu, otev\u0159en\u00fdch r\u00e1n\u00e1ch<\/mark><\/li>\n\n\n\n<li><mark style=\"background-color:rgba(0, 0, 0, 0)\" class=\"has-inline-color has-vivid-red-color\">Poruch\u00e1ch krvetvorby a sr\u00e1\u017elivosti<\/mark><\/li>\n<\/ul>\n\n\n\n<p class=\"has-black-color has-text-color has-link-color wp-elements-65926dc406c0ff4c78aabbd2771979e6\"><strong>Ve dnech kdy prob\u00edh\u00e1 o\u0161et\u0159en\u00ed nepijte alkohol \u010di jin\u00e9 stimuluj\u00edc\u00ed n\u00e1poje.<\/strong><\/p>\n\n\n\n<p><\/p>\n","protected":false},"excerpt":{"rendered":"<p>Mas\u00e1\u017e se neprov\u00e1d\u00ed p\u0159i: Ve dnech kdy prob\u00edh\u00e1 o\u0161et\u0159en\u00ed nepijte alkohol \u010di jin\u00e9 stimuluj\u00edc\u00ed n\u00e1poje.<\/p>\n","protected":false},"author":1,"featured_media":0,"parent":0,"menu_order":0,"comment_status":"closed","ping_status":"closed","template":"","meta":{"footnotes":""},"class_list":["post-315","page","type-page","status-publish","hentry"],"yoast_head":"<!-- This site is optimized with the Yoast SEO plugin v27.5 - https:\/\/yoast.com\/product\/yoast-seo-wordpress\/ -->\n<title>Upozorn\u011bn\u00ed - Ozdravn\u00e9 Mas\u00e1\u017ee<\/title>\n<meta name=\"robots\" content=\"index, follow, max-snippet:-1, max-image-preview:large, max-video-preview:-1\" \/>\n<link rel=\"canonical\" href=\"https:\/\/www.ozdravnemasaze.cz\/uvod\/index.php\/upozorneni\/\" \/>\n<meta property=\"og:locale\" content=\"cs_CZ\" \/>\n<meta property=\"og:type\" content=\"article\" \/>\n<meta property=\"og:title\" content=\"Upozorn\u011bn\u00ed - Ozdravn\u00e9 Mas\u00e1\u017ee\" \/>\n<meta property=\"og:description\" content=\"Mas\u00e1\u017e se neprov\u00e1d\u00ed p\u0159i: Ve dnech kdy prob\u00edh\u00e1 o\u0161et\u0159en\u00ed nepijte alkohol \u010di jin\u00e9 stimuluj\u00edc\u00ed n\u00e1poje.\" \/>\n<meta property=\"og:url\" content=\"https:\/\/www.ozdravnemasaze.cz\/uvod\/index.php\/upozorneni\/\" \/>\n<meta property=\"og:site_name\" content=\"Ozdravn\u00e9 Mas\u00e1\u017ee\" \/>\n<meta property=\"article:modified_time\" content=\"2025-07-07T17:04:18+00:00\" \/>\n<meta name=\"twitter:card\" content=\"summary_large_image\" \/>\n<meta name=\"twitter:label1\" content=\"Odhadovan\u00e1 doba \u010dten\u00ed\" \/>\n\t<meta name=\"twitter:data1\" content=\"1 minuta\" \/>\n<script type=\"application\/ld+json\" class=\"yoast-schema-graph\">{\"@context\":\"https:\\\/\\\/schema.org\",\"@graph\":[{\"@type\":\"WebPage\",\"@id\":\"https:\\\/\\\/www.ozdravnemasaze.cz\\\/uvod\\\/index.php\\\/upozorneni\\\/\",\"url\":\"https:\\\/\\\/www.ozdravnemasaze.cz\\\/uvod\\\/index.php\\\/upozorneni\\\/\",\"name\":\"Upozorn\u011bn\u00ed - Ozdravn\u00e9 Mas\u00e1\u017ee\",\"isPartOf\":{\"@id\":\"https:\\\/\\\/www.ozdravnemasaze.cz\\\/uvod\\\/#website\"},\"datePublished\":\"2024-09-22T14:31:05+00:00\",\"dateModified\":\"2025-07-07T17:04:18+00:00\",\"breadcrumb\":{\"@id\":\"https:\\\/\\\/www.ozdravnemasaze.cz\\\/uvod\\\/index.php\\\/upozorneni\\\/#breadcrumb\"},\"inLanguage\":\"cs\",\"potentialAction\":[{\"@type\":\"ReadAction\",\"target\":[\"https:\\\/\\\/www.ozdravnemasaze.cz\\\/uvod\\\/index.php\\\/upozorneni\\\/\"]}]},{\"@type\":\"BreadcrumbList\",\"@id\":\"https:\\\/\\\/www.ozdravnemasaze.cz\\\/uvod\\\/index.php\\\/upozorneni\\\/#breadcrumb\",\"itemListElement\":[{\"@type\":\"ListItem\",\"position\":1,\"name\":\"Home\",\"item\":\"https:\\\/\\\/www.ozdravnemasaze.cz\\\/uvod\\\/\"},{\"@type\":\"ListItem\",\"position\":2,\"name\":\"Upozorn\u011bn\u00ed\"}]},{\"@type\":\"WebSite\",\"@id\":\"https:\\\/\\\/www.ozdravnemasaze.cz\\\/uvod\\\/#website\",\"url\":\"https:\\\/\\\/www.ozdravnemasaze.cz\\\/uvod\\\/\",\"name\":\"Ozdravn\u00e9 Mas\u00e1\u017ee\",\"description\":\"Ozdravn\u00e9 Mas\u00e1\u017ee\",\"potentialAction\":[{\"@type\":\"SearchAction\",\"target\":{\"@type\":\"EntryPoint\",\"urlTemplate\":\"https:\\\/\\\/www.ozdravnemasaze.cz\\\/uvod\\\/?s={search_term_string}\"},\"query-input\":{\"@type\":\"PropertyValueSpecification\",\"valueRequired\":true,\"valueName\":\"search_term_string\"}}],\"inLanguage\":\"cs\"}]}<\/script>\n<!-- \/ Yoast SEO plugin. -->","yoast_head_json":{"title":"Upozorn\u011bn\u00ed - Ozdravn\u00e9 Mas\u00e1\u017ee","robots":{"index":"index","follow":"follow","max-snippet":"max-snippet:-1","max-image-preview":"max-image-preview:large","max-video-preview":"max-video-preview:-1"},"canonical":"https:\/\/www.ozdravnemasaze.cz\/uvod\/index.php\/upozorneni\/","og_locale":"cs_CZ","og_type":"article","og_title":"Upozorn\u011bn\u00ed - Ozdravn\u00e9 Mas\u00e1\u017ee","og_description":"Mas\u00e1\u017e se neprov\u00e1d\u00ed p\u0159i: Ve dnech kdy prob\u00edh\u00e1 o\u0161et\u0159en\u00ed nepijte alkohol \u010di jin\u00e9 stimuluj\u00edc\u00ed n\u00e1poje.","og_url":"https:\/\/www.ozdravnemasaze.cz\/uvod\/index.php\/upozorneni\/","og_site_name":"Ozdravn\u00e9 Mas\u00e1\u017ee","article_modified_time":"2025-07-07T17:04:18+00:00","twitter_card":"summary_large_image","twitter_misc":{"Odhadovan\u00e1 doba \u010dten\u00ed":"1 minuta"},"schema":{"@context":"https:\/\/schema.org","@graph":[{"@type":"WebPage","@id":"https:\/\/www.ozdravnemasaze.cz\/uvod\/index.php\/upozorneni\/","url":"https:\/\/www.ozdravnemasaze.cz\/uvod\/index.php\/upozorneni\/","name":"Upozorn\u011bn\u00ed - Ozdravn\u00e9 Mas\u00e1\u017ee","isPartOf":{"@id":"https:\/\/www.ozdravnemasaze.cz\/uvod\/#website"},"datePublished":"2024-09-22T14:31:05+00:00","dateModified":"2025-07-07T17:04:18+00:00","breadcrumb":{"@id":"https:\/\/www.ozdravnemasaze.cz\/uvod\/index.php\/upozorneni\/#breadcrumb"},"inLanguage":"cs","potentialAction":[{"@type":"ReadAction","target":["https:\/\/www.ozdravnemasaze.cz\/uvod\/index.php\/upozorneni\/"]}]},{"@type":"BreadcrumbList","@id":"https:\/\/www.ozdravnemasaze.cz\/uvod\/index.php\/upozorneni\/#breadcrumb","itemListElement":[{"@type":"ListItem","position":1,"name":"Home","item":"https:\/\/www.ozdravnemasaze.cz\/uvod\/"},{"@type":"ListItem","position":2,"name":"Upozorn\u011bn\u00ed"}]},{"@type":"WebSite","@id":"https:\/\/www.ozdravnemasaze.cz\/uvod\/#website","url":"https:\/\/www.ozdravnemasaze.cz\/uvod\/","name":"Ozdravn\u00e9 Mas\u00e1\u017ee","description":"Ozdravn\u00e9 Mas\u00e1\u017ee","potentialAction":[{"@type":"SearchAction","target":{"@type":"EntryPoint","urlTemplate":"https:\/\/www.ozdravnemasaze.cz\/uvod\/?s={search_term_string}"},"query-input":{"@type":"PropertyValueSpecification","valueRequired":true,"valueName":"search_term_string"}}],"inLanguage":"cs"}]}},"_links":{"self":[{"href":"https:\/\/www.ozdravnemasaze.cz\/uvod\/index.php\/wp-json\/wp\/v2\/pages\/315","targetHints":{"allow":["GET"]}}],"collection":[{"href":"https:\/\/www.ozdravnemasaze.cz\/uvod\/index.php\/wp-json\/wp\/v2\/pages"}],"about":[{"href":"https:\/\/www.ozdravnemasaze.cz\/uvod\/index.php\/wp-json\/wp\/v2\/types\/page"}],"author":[{"embeddable":true,"href":"https:\/\/www.ozdravnemasaze.cz\/uvod\/index.php\/wp-json\/wp\/v2\/users\/1"}],"replies":[{"embeddable":true,"href":"https:\/\/www.ozdravnemasaze.cz\/uvod\/index.php\/wp-json\/wp\/v2\/comments?post=315"}],"version-history":[{"count":5,"href":"https:\/\/www.ozdravnemasaze.cz\/uvod\/index.php\/wp-json\/wp\/v2\/pages\/315\/revisions"}],"predecessor-version":[{"id":411,"href":"https:\/\/www.ozdravnemasaze.cz\/uvod\/index.php\/wp-json\/wp\/v2\/pages\/315\/revisions\/411"}],"wp:attachment":[{"href":"https:\/\/www.ozdravnemasaze.cz\/uvod\/index.php\/wp-json\/wp\/v2\/media?parent=315"}],"curies":[{"name":"wp","href":"https:\/\/api.w.org\/{rel}","templated":true}]}}