{"id":37,"date":"2024-08-25T15:23:28","date_gmt":"2024-08-25T13:23:28","guid":{"rendered":"https:\/\/www.ozdravnemasaze.cz\/uvod\/?page_id=37"},"modified":"2024-09-16T15:04:49","modified_gmt":"2024-09-16T13:04:49","slug":"madero","status":"publish","type":"page","link":"https:\/\/www.ozdravnemasaze.cz\/uvod\/index.php\/madero\/","title":{"rendered":"MADERO TERAPIE"},"content":{"rendered":"\n<div style=\"height:50px\" aria-hidden=\"true\" class=\"wp-block-spacer\"><\/div>\n\n\n\n<p class=\"has-text-align-center has-black-color has-text-color has-link-color wp-elements-46caac8f569a5144de8fbe35fcfc85f5\" style=\"font-size:20px\"><em><strong>Maderoterapie je jedine\u010dn\u00e1, nej\u00fa\u010dinn\u011bj\u0161\u00ed a hlavn\u011b neinvazivn\u00ed metoda v boji proti celulitid\u011b.<\/strong><\/em><\/p>\n\n\n\n<div style=\"height:50px\" aria-hidden=\"true\" class=\"wp-block-spacer\"><\/div>\n\n\n\n<p class=\"has-vivid-green-cyan-color has-text-color has-link-color wp-elements-dcf68e9d1d20bc8037f03a246e4aa4dd\" style=\"font-size:23px\">HISTORIE:<\/p>\n\n\n\n<div style=\"height:20px\" aria-hidden=\"true\" class=\"wp-block-spacer\"><\/div>\n\n\n\n<p class=\"has-black-color has-text-color has-link-color wp-elements-3c89347e261a94a107b2665cc8390e67\" style=\"font-size:20px\">Maderoterapie vznikla p\u0159e v\u00edce ne\u017e sto lety v Kolumbii. Jej\u00ed n\u00e1zev poch\u00e1z\u00ed ze \u0161pan\u011blsk\u00e9ho slova Madero &#8211; d\u0159evo, Maderoterapie &#8211; terapie d\u0159evem. Jde tedy o metodu, kter\u00e1 se prov\u00e1d\u00ed \u010dist\u011b p\u0159\u00edrodn\u00edmi anatomicky tvarovan\u00fdmi d\u0159ev\u011bn\u00fdmi v\u00e1le\u010dky s r\u016fzn\u00fdmi typy v\u00fdstupk\u016f.<\/p>\n\n\n\n<div style=\"height:61px\" aria-hidden=\"true\" class=\"wp-block-spacer\"><\/div>\n\n\n\n<p class=\"has-vivid-green-cyan-color has-text-color has-link-color wp-elements-b924bf298255df2fd27e2c7ca35df010\" style=\"font-size:23px\">POPIS:<\/p>\n\n\n\n<div style=\"height:20px\" aria-hidden=\"true\" class=\"wp-block-spacer\"><\/div>\n\n\n\n<p class=\"has-black-color has-text-color has-link-color wp-elements-63a9bbb35e2a98bc36e5cd851abf10a8\" style=\"font-size:20px\">P\u0159edstavuje nesrovnateln\u011b lep\u0161\u00ed alternativu a v\u00fdsledky oproti klasick\u00fdm anticelulitidn\u00edm mas\u00e1\u017e\u00edm a procedur\u00e1m u ka\u017ed\u00e9ho klienta a speci\u00e1ln\u011b u lid\u00ed, kte\u0159\u00ed bojuj\u00ed s n\u011bjakou disproporc\u00ed t\u011bla.<\/p>\n\n\n\n<p class=\"has-black-color has-text-color has-link-color wp-elements-c43bc20d7809676742c032e6446bc963\" style=\"font-size:20px\">Maderoterapie stimuluje krevn\u00ed ob\u011bh a odtok lymfy, zrychluje metabolismus, proto jej\u00ed \u00fa\u010dinky trvaj\u00ed d\u00e9le ne\u017e samotn\u00e1 terapie.<\/p>\n\n\n\n<p class=\"has-black-color has-text-color has-link-color wp-elements-6dd119ec91abd46445b5b8f22efb99c5\" style=\"font-size:20px\">Na Maderoterapii mohou doch\u00e1zet \u017eeny i mu\u017ei v\u0161ech v\u011bkov\u00fdch kategori\u00ed maj\u00edc\u00ed za c\u00edl zhubnout, tvarovat postavu nebo se cht\u011bj\u00ed zbavit celulitidy.<\/p>\n\n\n\n<div style=\"height:75px\" aria-hidden=\"true\" class=\"wp-block-spacer\"><\/div>\n\n\n\n<figure class=\"wp-block-image size-full is-resized is-style-default\"><img loading=\"lazy\" decoding=\"async\" width=\"2312\" height=\"1348\" src=\"https:\/\/www.ozdravnemasaze.cz\/uvod\/wp-content\/uploads\/2024\/08\/952380CD-A6D3-4CE5-85BF-7EF37C058019-scaled-e1724684318776.jpeg\" alt=\"\" class=\"wp-image-16\" style=\"width:744px;height:auto\" srcset=\"https:\/\/www.ozdravnemasaze.cz\/uvod\/wp-content\/uploads\/2024\/08\/952380CD-A6D3-4CE5-85BF-7EF37C058019-scaled-e1724684318776.jpeg 2312w, https:\/\/www.ozdravnemasaze.cz\/uvod\/wp-content\/uploads\/2024\/08\/952380CD-A6D3-4CE5-85BF-7EF37C058019-scaled-e1724684318776-300x175.jpeg 300w, https:\/\/www.ozdravnemasaze.cz\/uvod\/wp-content\/uploads\/2024\/08\/952380CD-A6D3-4CE5-85BF-7EF37C058019-scaled-e1724684318776-1024x597.jpeg 1024w, https:\/\/www.ozdravnemasaze.cz\/uvod\/wp-content\/uploads\/2024\/08\/952380CD-A6D3-4CE5-85BF-7EF37C058019-scaled-e1724684318776-768x448.jpeg 768w, https:\/\/www.ozdravnemasaze.cz\/uvod\/wp-content\/uploads\/2024\/08\/952380CD-A6D3-4CE5-85BF-7EF37C058019-scaled-e1724684318776-1536x896.jpeg 1536w, https:\/\/www.ozdravnemasaze.cz\/uvod\/wp-content\/uploads\/2024\/08\/952380CD-A6D3-4CE5-85BF-7EF37C058019-scaled-e1724684318776-2048x1194.jpeg 2048w\" sizes=\"auto, (max-width: 2312px) 100vw, 2312px\" \/><\/figure>\n","protected":false},"excerpt":{"rendered":"<p>Maderoterapie je jedine\u010dn\u00e1, nej\u00fa\u010dinn\u011bj\u0161\u00ed a hlavn\u011b neinvazivn\u00ed metoda v boji proti celulitid\u011b. HISTORIE: Maderoterapie vznikla p\u0159e v\u00edce ne\u017e sto lety v Kolumbii. Jej\u00ed n\u00e1zev poch\u00e1z\u00ed ze \u0161pan\u011blsk\u00e9ho slova Madero &#8211; d\u0159evo, Maderoterapie &#8211; terapie d\u0159evem. Jde tedy o metodu, kter\u00e1 se prov\u00e1d\u00ed \u010dist\u011b p\u0159\u00edrodn\u00edmi anatomicky tvarovan\u00fdmi d\u0159ev\u011bn\u00fdmi v\u00e1le\u010dky s r\u016fzn\u00fdmi typy v\u00fdstupk\u016f. POPIS: P\u0159edstavuje nesrovnateln\u011b [&hellip;]<\/p>\n","protected":false},"author":1,"featured_media":0,"parent":0,"menu_order":0,"comment_status":"closed","ping_status":"closed","template":"","meta":{"footnotes":""},"class_list":["post-37","page","type-page","status-publish","hentry"],"yoast_head":"<!-- This site is optimized with the Yoast SEO plugin v27.5 - https:\/\/yoast.com\/product\/yoast-seo-wordpress\/ -->\n<title>MADERO TERAPIE - Ozdravn\u00e9 Mas\u00e1\u017ee<\/title>\n<meta name=\"robots\" content=\"index, follow, max-snippet:-1, max-image-preview:large, max-video-preview:-1\" \/>\n<link rel=\"canonical\" href=\"https:\/\/www.ozdravnemasaze.cz\/uvod\/index.php\/madero\/\" \/>\n<meta property=\"og:locale\" content=\"cs_CZ\" \/>\n<meta property=\"og:type\" content=\"article\" \/>\n<meta property=\"og:title\" content=\"MADERO TERAPIE - Ozdravn\u00e9 Mas\u00e1\u017ee\" \/>\n<meta property=\"og:description\" content=\"Maderoterapie je jedine\u010dn\u00e1, nej\u00fa\u010dinn\u011bj\u0161\u00ed a hlavn\u011b neinvazivn\u00ed metoda v boji proti celulitid\u011b. HISTORIE: Maderoterapie vznikla p\u0159e v\u00edce ne\u017e sto lety v Kolumbii. Jej\u00ed n\u00e1zev poch\u00e1z\u00ed ze \u0161pan\u011blsk\u00e9ho slova Madero &#8211; d\u0159evo, Maderoterapie &#8211; terapie d\u0159evem. Jde tedy o metodu, kter\u00e1 se prov\u00e1d\u00ed \u010dist\u011b p\u0159\u00edrodn\u00edmi anatomicky tvarovan\u00fdmi d\u0159ev\u011bn\u00fdmi v\u00e1le\u010dky s r\u016fzn\u00fdmi typy v\u00fdstupk\u016f. POPIS: P\u0159edstavuje nesrovnateln\u011b [&hellip;]\" \/>\n<meta property=\"og:url\" content=\"https:\/\/www.ozdravnemasaze.cz\/uvod\/index.php\/madero\/\" \/>\n<meta property=\"og:site_name\" content=\"Ozdravn\u00e9 Mas\u00e1\u017ee\" \/>\n<meta property=\"article:modified_time\" content=\"2024-09-16T13:04:49+00:00\" \/>\n<meta property=\"og:image\" content=\"https:\/\/www.ozdravnemasaze.cz\/uvod\/wp-content\/uploads\/2024\/08\/952380CD-A6D3-4CE5-85BF-7EF37C058019-scaled-e1724684318776.jpeg\" \/>\n<meta name=\"twitter:card\" content=\"summary_large_image\" \/>\n<meta name=\"twitter:label1\" content=\"Odhadovan\u00e1 doba \u010dten\u00ed\" \/>\n\t<meta name=\"twitter:data1\" content=\"1 minuta\" \/>\n<script type=\"application\/ld+json\" class=\"yoast-schema-graph\">{\"@context\":\"https:\\\/\\\/schema.org\",\"@graph\":[{\"@type\":\"WebPage\",\"@id\":\"https:\\\/\\\/www.ozdravnemasaze.cz\\\/uvod\\\/index.php\\\/madero\\\/\",\"url\":\"https:\\\/\\\/www.ozdravnemasaze.cz\\\/uvod\\\/index.php\\\/madero\\\/\",\"name\":\"MADERO TERAPIE - Ozdravn\u00e9 Mas\u00e1\u017ee\",\"isPartOf\":{\"@id\":\"https:\\\/\\\/www.ozdravnemasaze.cz\\\/uvod\\\/#website\"},\"primaryImageOfPage\":{\"@id\":\"https:\\\/\\\/www.ozdravnemasaze.cz\\\/uvod\\\/index.php\\\/madero\\\/#primaryimage\"},\"image\":{\"@id\":\"https:\\\/\\\/www.ozdravnemasaze.cz\\\/uvod\\\/index.php\\\/madero\\\/#primaryimage\"},\"thumbnailUrl\":\"https:\\\/\\\/www.ozdravnemasaze.cz\\\/uvod\\\/wp-content\\\/uploads\\\/2024\\\/08\\\/952380CD-A6D3-4CE5-85BF-7EF37C058019-scaled-e1724684318776.jpeg\",\"datePublished\":\"2024-08-25T13:23:28+00:00\",\"dateModified\":\"2024-09-16T13:04:49+00:00\",\"breadcrumb\":{\"@id\":\"https:\\\/\\\/www.ozdravnemasaze.cz\\\/uvod\\\/index.php\\\/madero\\\/#breadcrumb\"},\"inLanguage\":\"cs\",\"potentialAction\":[{\"@type\":\"ReadAction\",\"target\":[\"https:\\\/\\\/www.ozdravnemasaze.cz\\\/uvod\\\/index.php\\\/madero\\\/\"]}]},{\"@type\":\"ImageObject\",\"inLanguage\":\"cs\",\"@id\":\"https:\\\/\\\/www.ozdravnemasaze.cz\\\/uvod\\\/index.php\\\/madero\\\/#primaryimage\",\"url\":\"https:\\\/\\\/www.ozdravnemasaze.cz\\\/uvod\\\/wp-content\\\/uploads\\\/2024\\\/08\\\/952380CD-A6D3-4CE5-85BF-7EF37C058019-scaled-e1724684318776.jpeg\",\"contentUrl\":\"https:\\\/\\\/www.ozdravnemasaze.cz\\\/uvod\\\/wp-content\\\/uploads\\\/2024\\\/08\\\/952380CD-A6D3-4CE5-85BF-7EF37C058019-scaled-e1724684318776.jpeg\",\"width\":2312,\"height\":1348},{\"@type\":\"BreadcrumbList\",\"@id\":\"https:\\\/\\\/www.ozdravnemasaze.cz\\\/uvod\\\/index.php\\\/madero\\\/#breadcrumb\",\"itemListElement\":[{\"@type\":\"ListItem\",\"position\":1,\"name\":\"Home\",\"item\":\"https:\\\/\\\/www.ozdravnemasaze.cz\\\/uvod\\\/\"},{\"@type\":\"ListItem\",\"position\":2,\"name\":\"MADERO TERAPIE\"}]},{\"@type\":\"WebSite\",\"@id\":\"https:\\\/\\\/www.ozdravnemasaze.cz\\\/uvod\\\/#website\",\"url\":\"https:\\\/\\\/www.ozdravnemasaze.cz\\\/uvod\\\/\",\"name\":\"Ozdravn\u00e9 Mas\u00e1\u017ee\",\"description\":\"Ozdravn\u00e9 Mas\u00e1\u017ee\",\"potentialAction\":[{\"@type\":\"SearchAction\",\"target\":{\"@type\":\"EntryPoint\",\"urlTemplate\":\"https:\\\/\\\/www.ozdravnemasaze.cz\\\/uvod\\\/?s={search_term_string}\"},\"query-input\":{\"@type\":\"PropertyValueSpecification\",\"valueRequired\":true,\"valueName\":\"search_term_string\"}}],\"inLanguage\":\"cs\"}]}<\/script>\n<!-- \/ Yoast SEO plugin. -->","yoast_head_json":{"title":"MADERO TERAPIE - Ozdravn\u00e9 Mas\u00e1\u017ee","robots":{"index":"index","follow":"follow","max-snippet":"max-snippet:-1","max-image-preview":"max-image-preview:large","max-video-preview":"max-video-preview:-1"},"canonical":"https:\/\/www.ozdravnemasaze.cz\/uvod\/index.php\/madero\/","og_locale":"cs_CZ","og_type":"article","og_title":"MADERO TERAPIE - Ozdravn\u00e9 Mas\u00e1\u017ee","og_description":"Maderoterapie je jedine\u010dn\u00e1, nej\u00fa\u010dinn\u011bj\u0161\u00ed a hlavn\u011b neinvazivn\u00ed metoda v boji proti celulitid\u011b. HISTORIE: Maderoterapie vznikla p\u0159e v\u00edce ne\u017e sto lety v Kolumbii. Jej\u00ed n\u00e1zev poch\u00e1z\u00ed ze \u0161pan\u011blsk\u00e9ho slova Madero &#8211; d\u0159evo, Maderoterapie &#8211; terapie d\u0159evem. Jde tedy o metodu, kter\u00e1 se prov\u00e1d\u00ed \u010dist\u011b p\u0159\u00edrodn\u00edmi anatomicky tvarovan\u00fdmi d\u0159ev\u011bn\u00fdmi v\u00e1le\u010dky s r\u016fzn\u00fdmi typy v\u00fdstupk\u016f. POPIS: P\u0159edstavuje nesrovnateln\u011b [&hellip;]","og_url":"https:\/\/www.ozdravnemasaze.cz\/uvod\/index.php\/madero\/","og_site_name":"Ozdravn\u00e9 Mas\u00e1\u017ee","article_modified_time":"2024-09-16T13:04:49+00:00","og_image":[{"url":"https:\/\/www.ozdravnemasaze.cz\/uvod\/wp-content\/uploads\/2024\/08\/952380CD-A6D3-4CE5-85BF-7EF37C058019-scaled-e1724684318776.jpeg","type":"","width":"","height":""}],"twitter_card":"summary_large_image","twitter_misc":{"Odhadovan\u00e1 doba \u010dten\u00ed":"1 minuta"},"schema":{"@context":"https:\/\/schema.org","@graph":[{"@type":"WebPage","@id":"https:\/\/www.ozdravnemasaze.cz\/uvod\/index.php\/madero\/","url":"https:\/\/www.ozdravnemasaze.cz\/uvod\/index.php\/madero\/","name":"MADERO TERAPIE - Ozdravn\u00e9 Mas\u00e1\u017ee","isPartOf":{"@id":"https:\/\/www.ozdravnemasaze.cz\/uvod\/#website"},"primaryImageOfPage":{"@id":"https:\/\/www.ozdravnemasaze.cz\/uvod\/index.php\/madero\/#primaryimage"},"image":{"@id":"https:\/\/www.ozdravnemasaze.cz\/uvod\/index.php\/madero\/#primaryimage"},"thumbnailUrl":"https:\/\/www.ozdravnemasaze.cz\/uvod\/wp-content\/uploads\/2024\/08\/952380CD-A6D3-4CE5-85BF-7EF37C058019-scaled-e1724684318776.jpeg","datePublished":"2024-08-25T13:23:28+00:00","dateModified":"2024-09-16T13:04:49+00:00","breadcrumb":{"@id":"https:\/\/www.ozdravnemasaze.cz\/uvod\/index.php\/madero\/#breadcrumb"},"inLanguage":"cs","potentialAction":[{"@type":"ReadAction","target":["https:\/\/www.ozdravnemasaze.cz\/uvod\/index.php\/madero\/"]}]},{"@type":"ImageObject","inLanguage":"cs","@id":"https:\/\/www.ozdravnemasaze.cz\/uvod\/index.php\/madero\/#primaryimage","url":"https:\/\/www.ozdravnemasaze.cz\/uvod\/wp-content\/uploads\/2024\/08\/952380CD-A6D3-4CE5-85BF-7EF37C058019-scaled-e1724684318776.jpeg","contentUrl":"https:\/\/www.ozdravnemasaze.cz\/uvod\/wp-content\/uploads\/2024\/08\/952380CD-A6D3-4CE5-85BF-7EF37C058019-scaled-e1724684318776.jpeg","width":2312,"height":1348},{"@type":"BreadcrumbList","@id":"https:\/\/www.ozdravnemasaze.cz\/uvod\/index.php\/madero\/#breadcrumb","itemListElement":[{"@type":"ListItem","position":1,"name":"Home","item":"https:\/\/www.ozdravnemasaze.cz\/uvod\/"},{"@type":"ListItem","position":2,"name":"MADERO TERAPIE"}]},{"@type":"WebSite","@id":"https:\/\/www.ozdravnemasaze.cz\/uvod\/#website","url":"https:\/\/www.ozdravnemasaze.cz\/uvod\/","name":"Ozdravn\u00e9 Mas\u00e1\u017ee","description":"Ozdravn\u00e9 Mas\u00e1\u017ee","potentialAction":[{"@type":"SearchAction","target":{"@type":"EntryPoint","urlTemplate":"https:\/\/www.ozdravnemasaze.cz\/uvod\/?s={search_term_string}"},"query-input":{"@type":"PropertyValueSpecification","valueRequired":true,"valueName":"search_term_string"}}],"inLanguage":"cs"}]}},"_links":{"self":[{"href":"https:\/\/www.ozdravnemasaze.cz\/uvod\/index.php\/wp-json\/wp\/v2\/pages\/37","targetHints":{"allow":["GET"]}}],"collection":[{"href":"https:\/\/www.ozdravnemasaze.cz\/uvod\/index.php\/wp-json\/wp\/v2\/pages"}],"about":[{"href":"https:\/\/www.ozdravnemasaze.cz\/uvod\/index.php\/wp-json\/wp\/v2\/types\/page"}],"author":[{"embeddable":true,"href":"https:\/\/www.ozdravnemasaze.cz\/uvod\/index.php\/wp-json\/wp\/v2\/users\/1"}],"replies":[{"embeddable":true,"href":"https:\/\/www.ozdravnemasaze.cz\/uvod\/index.php\/wp-json\/wp\/v2\/comments?post=37"}],"version-history":[{"count":6,"href":"https:\/\/www.ozdravnemasaze.cz\/uvod\/index.php\/wp-json\/wp\/v2\/pages\/37\/revisions"}],"predecessor-version":[{"id":311,"href":"https:\/\/www.ozdravnemasaze.cz\/uvod\/index.php\/wp-json\/wp\/v2\/pages\/37\/revisions\/311"}],"wp:attachment":[{"href":"https:\/\/www.ozdravnemasaze.cz\/uvod\/index.php\/wp-json\/wp\/v2\/media?parent=37"}],"curies":[{"name":"wp","href":"https:\/\/api.w.org\/{rel}","templated":true}]}}