{"id":39,"date":"2024-08-25T15:23:28","date_gmt":"2024-08-25T13:23:28","guid":{"rendered":"https:\/\/www.ozdravnemasaze.cz\/uvod\/?page_id=39"},"modified":"2024-10-22T10:15:22","modified_gmt":"2024-10-22T08:15:22","slug":"kontakt","status":"publish","type":"page","link":"https:\/\/www.ozdravnemasaze.cz\/uvod\/index.php\/kontakt\/","title":{"rendered":"KONTAKT"},"content":{"rendered":"\n<div style=\"height:30px\" aria-hidden=\"true\" class=\"wp-block-spacer\"><\/div>\n\n\n\n<p class=\"has-black-color has-text-color has-link-color wp-elements-a74254ef87f5d4cdc2ab46e9cecc64e8\" style=\"font-size:25px\">Ozdravn\u00e9 mas\u00e1\u017ee Zuzka Buchlov\u00e1<\/p>\n\n\n\n<div style=\"height:30px\" aria-hidden=\"true\" class=\"wp-block-spacer\"><\/div>\n\n\n\n<p class=\"has-black-color has-text-color has-link-color wp-elements-b61b46ec1eea92651b2b8a1e2228c5c4\" style=\"font-size:25px\">I\u010cO: 04181387<\/p>\n\n\n\n<div style=\"height:30px\" aria-hidden=\"true\" class=\"wp-block-spacer\"><\/div>\n\n\n\n<p class=\"has-black-color has-text-color has-link-color wp-elements-93284fc2951d278a9747b7864a42bf57\" style=\"font-size:25px\">\ud83c\udfe0\ufe0e Hilbertova 58, 440 01 Louny 1<\/p>\n\n\n\n<div style=\"height:30px\" aria-hidden=\"true\" class=\"wp-block-spacer\"><\/div>\n\n\n\n<p class=\"has-black-color has-text-color has-link-color wp-elements-e8a36ee0415a65b551d2e694fe354cea\" style=\"font-size:30px\"><strong>\u260f +420 605&nbsp;744 849<\/strong><\/p>\n\n\n\n<p><\/p>\n\n\n\n<p><\/p>\n\n\n\n<figure class=\"wp-block-gallery has-nested-images columns-default is-cropped wp-block-gallery-1 is-layout-flex wp-block-gallery-is-layout-flex\">\n<figure class=\"wp-block-image size-large\"><img loading=\"lazy\" decoding=\"async\" width=\"817\" height=\"786\" data-id=\"378\" src=\"https:\/\/www.ozdravnemasaze.cz\/uvod\/wp-content\/uploads\/2024\/10\/mapa.jpg\" alt=\"\" class=\"wp-image-378\" srcset=\"https:\/\/www.ozdravnemasaze.cz\/uvod\/wp-content\/uploads\/2024\/10\/mapa.jpg 817w, https:\/\/www.ozdravnemasaze.cz\/uvod\/wp-content\/uploads\/2024\/10\/mapa-300x289.jpg 300w, https:\/\/www.ozdravnemasaze.cz\/uvod\/wp-content\/uploads\/2024\/10\/mapa-768x739.jpg 768w\" sizes=\"auto, (max-width: 817px) 100vw, 817px\" \/><\/figure>\n\n\n\n<figure class=\"wp-block-image size-large\"><img loading=\"lazy\" decoding=\"async\" width=\"706\" height=\"918\" data-id=\"379\" src=\"https:\/\/www.ozdravnemasaze.cz\/uvod\/wp-content\/uploads\/2024\/10\/daliborka.jpg\" alt=\"\" class=\"wp-image-379\" srcset=\"https:\/\/www.ozdravnemasaze.cz\/uvod\/wp-content\/uploads\/2024\/10\/daliborka.jpg 706w, https:\/\/www.ozdravnemasaze.cz\/uvod\/wp-content\/uploads\/2024\/10\/daliborka-231x300.jpg 231w\" sizes=\"auto, (max-width: 706px) 100vw, 706px\" \/><\/figure>\n<\/figure>\n\n\n\n<div style=\"height:100px\" aria-hidden=\"true\" class=\"wp-block-spacer\"><\/div>\n","protected":false},"excerpt":{"rendered":"<p>Ozdravn\u00e9 mas\u00e1\u017ee Zuzka Buchlov\u00e1 I\u010cO: 04181387 \ud83c\udfe0\ufe0e Hilbertova 58, 440 01 Louny 1 \u260f +420 605&nbsp;744 849<\/p>\n","protected":false},"author":1,"featured_media":0,"parent":0,"menu_order":0,"comment_status":"closed","ping_status":"closed","template":"","meta":{"footnotes":""},"class_list":["post-39","page","type-page","status-publish","hentry"],"yoast_head":"<!-- This site is optimized with the Yoast SEO plugin v27.5 - https:\/\/yoast.com\/product\/yoast-seo-wordpress\/ -->\n<title>KONTAKT - Ozdravn\u00e9 Mas\u00e1\u017ee<\/title>\n<meta name=\"robots\" content=\"index, follow, max-snippet:-1, max-image-preview:large, max-video-preview:-1\" \/>\n<link rel=\"canonical\" href=\"https:\/\/www.ozdravnemasaze.cz\/uvod\/index.php\/kontakt\/\" \/>\n<meta property=\"og:locale\" content=\"cs_CZ\" \/>\n<meta property=\"og:type\" content=\"article\" \/>\n<meta property=\"og:title\" content=\"KONTAKT - Ozdravn\u00e9 Mas\u00e1\u017ee\" \/>\n<meta property=\"og:description\" content=\"Ozdravn\u00e9 mas\u00e1\u017ee Zuzka Buchlov\u00e1 I\u010cO: 04181387 \ud83c\udfe0\ufe0e Hilbertova 58, 440 01 Louny 1 \u260f +420 605&nbsp;744 849\" \/>\n<meta property=\"og:url\" content=\"https:\/\/www.ozdravnemasaze.cz\/uvod\/index.php\/kontakt\/\" \/>\n<meta property=\"og:site_name\" content=\"Ozdravn\u00e9 Mas\u00e1\u017ee\" \/>\n<meta property=\"article:modified_time\" content=\"2024-10-22T08:15:22+00:00\" \/>\n<meta property=\"og:image\" content=\"https:\/\/www.ozdravnemasaze.cz\/uvod\/wp-content\/uploads\/2024\/10\/mapa.jpg\" \/>\n<meta name=\"twitter:card\" content=\"summary_large_image\" \/>\n<meta name=\"twitter:label1\" content=\"Odhadovan\u00e1 doba \u010dten\u00ed\" \/>\n\t<meta name=\"twitter:data1\" content=\"1 minuta\" \/>\n<script type=\"application\/ld+json\" class=\"yoast-schema-graph\">{\"@context\":\"https:\\\/\\\/schema.org\",\"@graph\":[{\"@type\":\"WebPage\",\"@id\":\"https:\\\/\\\/www.ozdravnemasaze.cz\\\/uvod\\\/index.php\\\/kontakt\\\/\",\"url\":\"https:\\\/\\\/www.ozdravnemasaze.cz\\\/uvod\\\/index.php\\\/kontakt\\\/\",\"name\":\"KONTAKT - Ozdravn\u00e9 Mas\u00e1\u017ee\",\"isPartOf\":{\"@id\":\"https:\\\/\\\/www.ozdravnemasaze.cz\\\/uvod\\\/#website\"},\"primaryImageOfPage\":{\"@id\":\"https:\\\/\\\/www.ozdravnemasaze.cz\\\/uvod\\\/index.php\\\/kontakt\\\/#primaryimage\"},\"image\":{\"@id\":\"https:\\\/\\\/www.ozdravnemasaze.cz\\\/uvod\\\/index.php\\\/kontakt\\\/#primaryimage\"},\"thumbnailUrl\":\"https:\\\/\\\/www.ozdravnemasaze.cz\\\/uvod\\\/wp-content\\\/uploads\\\/2024\\\/10\\\/mapa.jpg\",\"datePublished\":\"2024-08-25T13:23:28+00:00\",\"dateModified\":\"2024-10-22T08:15:22+00:00\",\"breadcrumb\":{\"@id\":\"https:\\\/\\\/www.ozdravnemasaze.cz\\\/uvod\\\/index.php\\\/kontakt\\\/#breadcrumb\"},\"inLanguage\":\"cs\",\"potentialAction\":[{\"@type\":\"ReadAction\",\"target\":[\"https:\\\/\\\/www.ozdravnemasaze.cz\\\/uvod\\\/index.php\\\/kontakt\\\/\"]}]},{\"@type\":\"ImageObject\",\"inLanguage\":\"cs\",\"@id\":\"https:\\\/\\\/www.ozdravnemasaze.cz\\\/uvod\\\/index.php\\\/kontakt\\\/#primaryimage\",\"url\":\"https:\\\/\\\/www.ozdravnemasaze.cz\\\/uvod\\\/wp-content\\\/uploads\\\/2024\\\/10\\\/mapa.jpg\",\"contentUrl\":\"https:\\\/\\\/www.ozdravnemasaze.cz\\\/uvod\\\/wp-content\\\/uploads\\\/2024\\\/10\\\/mapa.jpg\",\"width\":817,\"height\":786},{\"@type\":\"BreadcrumbList\",\"@id\":\"https:\\\/\\\/www.ozdravnemasaze.cz\\\/uvod\\\/index.php\\\/kontakt\\\/#breadcrumb\",\"itemListElement\":[{\"@type\":\"ListItem\",\"position\":1,\"name\":\"Home\",\"item\":\"https:\\\/\\\/www.ozdravnemasaze.cz\\\/uvod\\\/\"},{\"@type\":\"ListItem\",\"position\":2,\"name\":\"KONTAKT\"}]},{\"@type\":\"WebSite\",\"@id\":\"https:\\\/\\\/www.ozdravnemasaze.cz\\\/uvod\\\/#website\",\"url\":\"https:\\\/\\\/www.ozdravnemasaze.cz\\\/uvod\\\/\",\"name\":\"Ozdravn\u00e9 Mas\u00e1\u017ee\",\"description\":\"Ozdravn\u00e9 Mas\u00e1\u017ee\",\"potentialAction\":[{\"@type\":\"SearchAction\",\"target\":{\"@type\":\"EntryPoint\",\"urlTemplate\":\"https:\\\/\\\/www.ozdravnemasaze.cz\\\/uvod\\\/?s={search_term_string}\"},\"query-input\":{\"@type\":\"PropertyValueSpecification\",\"valueRequired\":true,\"valueName\":\"search_term_string\"}}],\"inLanguage\":\"cs\"}]}<\/script>\n<!-- \/ Yoast SEO plugin. -->","yoast_head_json":{"title":"KONTAKT - Ozdravn\u00e9 Mas\u00e1\u017ee","robots":{"index":"index","follow":"follow","max-snippet":"max-snippet:-1","max-image-preview":"max-image-preview:large","max-video-preview":"max-video-preview:-1"},"canonical":"https:\/\/www.ozdravnemasaze.cz\/uvod\/index.php\/kontakt\/","og_locale":"cs_CZ","og_type":"article","og_title":"KONTAKT - Ozdravn\u00e9 Mas\u00e1\u017ee","og_description":"Ozdravn\u00e9 mas\u00e1\u017ee Zuzka Buchlov\u00e1 I\u010cO: 04181387 \ud83c\udfe0\ufe0e Hilbertova 58, 440 01 Louny 1 \u260f +420 605&nbsp;744 849","og_url":"https:\/\/www.ozdravnemasaze.cz\/uvod\/index.php\/kontakt\/","og_site_name":"Ozdravn\u00e9 Mas\u00e1\u017ee","article_modified_time":"2024-10-22T08:15:22+00:00","og_image":[{"url":"https:\/\/www.ozdravnemasaze.cz\/uvod\/wp-content\/uploads\/2024\/10\/mapa.jpg","type":"","width":"","height":""}],"twitter_card":"summary_large_image","twitter_misc":{"Odhadovan\u00e1 doba \u010dten\u00ed":"1 minuta"},"schema":{"@context":"https:\/\/schema.org","@graph":[{"@type":"WebPage","@id":"https:\/\/www.ozdravnemasaze.cz\/uvod\/index.php\/kontakt\/","url":"https:\/\/www.ozdravnemasaze.cz\/uvod\/index.php\/kontakt\/","name":"KONTAKT - Ozdravn\u00e9 Mas\u00e1\u017ee","isPartOf":{"@id":"https:\/\/www.ozdravnemasaze.cz\/uvod\/#website"},"primaryImageOfPage":{"@id":"https:\/\/www.ozdravnemasaze.cz\/uvod\/index.php\/kontakt\/#primaryimage"},"image":{"@id":"https:\/\/www.ozdravnemasaze.cz\/uvod\/index.php\/kontakt\/#primaryimage"},"thumbnailUrl":"https:\/\/www.ozdravnemasaze.cz\/uvod\/wp-content\/uploads\/2024\/10\/mapa.jpg","datePublished":"2024-08-25T13:23:28+00:00","dateModified":"2024-10-22T08:15:22+00:00","breadcrumb":{"@id":"https:\/\/www.ozdravnemasaze.cz\/uvod\/index.php\/kontakt\/#breadcrumb"},"inLanguage":"cs","potentialAction":[{"@type":"ReadAction","target":["https:\/\/www.ozdravnemasaze.cz\/uvod\/index.php\/kontakt\/"]}]},{"@type":"ImageObject","inLanguage":"cs","@id":"https:\/\/www.ozdravnemasaze.cz\/uvod\/index.php\/kontakt\/#primaryimage","url":"https:\/\/www.ozdravnemasaze.cz\/uvod\/wp-content\/uploads\/2024\/10\/mapa.jpg","contentUrl":"https:\/\/www.ozdravnemasaze.cz\/uvod\/wp-content\/uploads\/2024\/10\/mapa.jpg","width":817,"height":786},{"@type":"BreadcrumbList","@id":"https:\/\/www.ozdravnemasaze.cz\/uvod\/index.php\/kontakt\/#breadcrumb","itemListElement":[{"@type":"ListItem","position":1,"name":"Home","item":"https:\/\/www.ozdravnemasaze.cz\/uvod\/"},{"@type":"ListItem","position":2,"name":"KONTAKT"}]},{"@type":"WebSite","@id":"https:\/\/www.ozdravnemasaze.cz\/uvod\/#website","url":"https:\/\/www.ozdravnemasaze.cz\/uvod\/","name":"Ozdravn\u00e9 Mas\u00e1\u017ee","description":"Ozdravn\u00e9 Mas\u00e1\u017ee","potentialAction":[{"@type":"SearchAction","target":{"@type":"EntryPoint","urlTemplate":"https:\/\/www.ozdravnemasaze.cz\/uvod\/?s={search_term_string}"},"query-input":{"@type":"PropertyValueSpecification","valueRequired":true,"valueName":"search_term_string"}}],"inLanguage":"cs"}]}},"_links":{"self":[{"href":"https:\/\/www.ozdravnemasaze.cz\/uvod\/index.php\/wp-json\/wp\/v2\/pages\/39","targetHints":{"allow":["GET"]}}],"collection":[{"href":"https:\/\/www.ozdravnemasaze.cz\/uvod\/index.php\/wp-json\/wp\/v2\/pages"}],"about":[{"href":"https:\/\/www.ozdravnemasaze.cz\/uvod\/index.php\/wp-json\/wp\/v2\/types\/page"}],"author":[{"embeddable":true,"href":"https:\/\/www.ozdravnemasaze.cz\/uvod\/index.php\/wp-json\/wp\/v2\/users\/1"}],"replies":[{"embeddable":true,"href":"https:\/\/www.ozdravnemasaze.cz\/uvod\/index.php\/wp-json\/wp\/v2\/comments?post=39"}],"version-history":[{"count":6,"href":"https:\/\/www.ozdravnemasaze.cz\/uvod\/index.php\/wp-json\/wp\/v2\/pages\/39\/revisions"}],"predecessor-version":[{"id":380,"href":"https:\/\/www.ozdravnemasaze.cz\/uvod\/index.php\/wp-json\/wp\/v2\/pages\/39\/revisions\/380"}],"wp:attachment":[{"href":"https:\/\/www.ozdravnemasaze.cz\/uvod\/index.php\/wp-json\/wp\/v2\/media?parent=39"}],"curies":[{"name":"wp","href":"https:\/\/api.w.org\/{rel}","templated":true}]}}