{"id":86,"date":"2024-08-25T18:59:05","date_gmt":"2024-08-25T16:59:05","guid":{"rendered":"https:\/\/www.ozdravnemasaze.cz\/uvod\/?page_id=86"},"modified":"2024-09-04T17:20:22","modified_gmt":"2024-09-04T15:20:22","slug":"tui-na","status":"publish","type":"page","link":"https:\/\/www.ozdravnemasaze.cz\/uvod\/index.php\/tui-na\/","title":{"rendered":"TUI NA \u00a0\u63a8\u62ff"},"content":{"rendered":"\n<div style=\"height:50px\" aria-hidden=\"true\" class=\"wp-block-spacer\"><\/div>\n\n\n\n<p class=\"has-black-color has-text-color has-link-color wp-elements-2e1b0bff7d5ce46ccfebf538bd277c9c\" style=\"font-size:20px\"><strong>Terapie vyu\u017e\u00edvaj\u00edc\u00ed techniky mas\u00e1\u017e\u00ed a tlak\u016f na akupresurn\u00ed body. Vych\u00e1z\u00ed z tradi\u010dn\u00ed \u010d\u00ednsk\u00e9 medic\u00edny &#8211; princip\u016f jinu a jangu a zejm\u00e9na teorie o meridi\u00e1nech (drah\u00e1ch energie).<\/strong><\/p>\n\n\n\n<div style=\"height:50px\" aria-hidden=\"true\" class=\"wp-block-spacer\"><\/div>\n\n\n\n<p class=\"has-vivid-green-cyan-color has-text-color has-link-color wp-elements-68692254d0c61c89a3e92c3baba4df83\" style=\"font-size:23px\">PREVENCE:<\/p>\n\n\n\n<div style=\"height:20px\" aria-hidden=\"true\" class=\"wp-block-spacer\"><\/div>\n\n\n\n<ul class=\"wp-block-list has-black-color has-text-color has-link-color wp-elements-3b01a1c617e940efbd38ab9cff54a790\">\n<li class=\"has-medium-font-size\"><strong>Ob\u011bhov\u00fd syst\u00e9m <\/strong>(zlep\u0161ov\u00e1n\u00ed cirkulace krve a prokrvov\u00e1n\u00ed mozku)<strong>.<\/strong><\/li>\n\n\n\n<li class=\"has-medium-font-size\"><strong>Respira\u010dn\u00ed syst\u00e9m <\/strong>(zvy\u0161ov\u00e1n\u00ed kapacity plic)<strong>.<\/strong><\/li>\n\n\n\n<li class=\"has-medium-font-size\"><strong>Imunitn\u00ed a tr\u00e1vic\u00ed syst\u00e9m.<\/strong><\/li>\n\n\n\n<li class=\"has-medium-font-size\"><strong>Pohybov\u00fd apar\u00e1t <\/strong>(uvol\u0148ov\u00e1n\u00ed spazm\u016f, zlep\u0161en\u00ed prokrven\u00ed a l\u00e1tkov\u00e9 v\u00fdm\u011bny ve svalech, regenerace svalstva)<strong>.<\/strong><\/li>\n<\/ul>\n\n\n\n<div style=\"height:50px\" aria-hidden=\"true\" class=\"wp-block-spacer\"><\/div>\n\n\n\n<p class=\"has-vivid-cyan-blue-color has-text-color has-link-color wp-elements-f0fea6954828ae4bbf8dfafa5c91d481\" style=\"font-size:23px\">TERAPIE:<\/p>\n\n\n\n<div style=\"height:20px\" aria-hidden=\"true\" class=\"wp-block-spacer\"><\/div>\n\n\n\n<p class=\"has-black-color has-text-color has-link-color wp-elements-280e81890f7664f81d5e47f2188f272d\" style=\"font-size:20px\"><strong>FUWEIFA: <\/strong>Terapeutick\u00e1 metoda spo\u010d\u00edv\u00e1 hlavn\u011b v n\u00e1prav\u011b polohy kloubn\u00edch spojen\u00ed a harmonizaci funkce svalstva, \u0161lach a fasci\u00e1ln\u00edho syst\u00e9mu t\u011bla.<\/p>\n\n\n\n<p class=\"has-black-color has-text-color has-link-color wp-elements-dec467f9f59f570fb5901463c342d525\" style=\"font-size:20px\"><strong>SONGJIN:<\/strong> Metoda uvol\u0148ov\u00e1n\u00ed \u0161lachosval\u016f. Zpr\u016fchod\u0148uje velmi v\u00fdrazn\u011b tok Qi (energie) v drah\u00e1ch skrze uvoln\u011bn\u00ed m\u011bkk\u00fdch tk\u00e1n\u00ed.<\/p>\n\n\n\n<div style=\"height:50px\" aria-hidden=\"true\" class=\"wp-block-spacer\"><\/div>\n","protected":false},"excerpt":{"rendered":"<p>Terapie vyu\u017e\u00edvaj\u00edc\u00ed techniky mas\u00e1\u017e\u00ed a tlak\u016f na akupresurn\u00ed body. Vych\u00e1z\u00ed z tradi\u010dn\u00ed \u010d\u00ednsk\u00e9 medic\u00edny &#8211; princip\u016f jinu a jangu a zejm\u00e9na teorie o meridi\u00e1nech (drah\u00e1ch energie). PREVENCE: TERAPIE: FUWEIFA: Terapeutick\u00e1 metoda spo\u010d\u00edv\u00e1 hlavn\u011b v n\u00e1prav\u011b polohy kloubn\u00edch spojen\u00ed a harmonizaci funkce svalstva, \u0161lach a fasci\u00e1ln\u00edho syst\u00e9mu t\u011bla. SONGJIN: Metoda uvol\u0148ov\u00e1n\u00ed \u0161lachosval\u016f. Zpr\u016fchod\u0148uje velmi v\u00fdrazn\u011b tok [&hellip;]<\/p>\n","protected":false},"author":1,"featured_media":0,"parent":0,"menu_order":0,"comment_status":"closed","ping_status":"closed","template":"","meta":{"footnotes":""},"class_list":["post-86","page","type-page","status-publish","hentry"],"yoast_head":"<!-- This site is optimized with the Yoast SEO plugin v27.5 - https:\/\/yoast.com\/product\/yoast-seo-wordpress\/ -->\n<title>TUI NA \u00a0\u63a8\u62ff - Ozdravn\u00e9 Mas\u00e1\u017ee<\/title>\n<meta name=\"robots\" content=\"index, follow, max-snippet:-1, max-image-preview:large, max-video-preview:-1\" \/>\n<link rel=\"canonical\" href=\"https:\/\/www.ozdravnemasaze.cz\/uvod\/index.php\/tui-na\/\" \/>\n<meta property=\"og:locale\" content=\"cs_CZ\" \/>\n<meta property=\"og:type\" content=\"article\" \/>\n<meta property=\"og:title\" content=\"TUI NA \u00a0\u63a8\u62ff - Ozdravn\u00e9 Mas\u00e1\u017ee\" \/>\n<meta property=\"og:description\" content=\"Terapie vyu\u017e\u00edvaj\u00edc\u00ed techniky mas\u00e1\u017e\u00ed a tlak\u016f na akupresurn\u00ed body. Vych\u00e1z\u00ed z tradi\u010dn\u00ed \u010d\u00ednsk\u00e9 medic\u00edny &#8211; princip\u016f jinu a jangu a zejm\u00e9na teorie o meridi\u00e1nech (drah\u00e1ch energie). PREVENCE: TERAPIE: FUWEIFA: Terapeutick\u00e1 metoda spo\u010d\u00edv\u00e1 hlavn\u011b v n\u00e1prav\u011b polohy kloubn\u00edch spojen\u00ed a harmonizaci funkce svalstva, \u0161lach a fasci\u00e1ln\u00edho syst\u00e9mu t\u011bla. SONGJIN: Metoda uvol\u0148ov\u00e1n\u00ed \u0161lachosval\u016f. Zpr\u016fchod\u0148uje velmi v\u00fdrazn\u011b tok [&hellip;]\" \/>\n<meta property=\"og:url\" content=\"https:\/\/www.ozdravnemasaze.cz\/uvod\/index.php\/tui-na\/\" \/>\n<meta property=\"og:site_name\" content=\"Ozdravn\u00e9 Mas\u00e1\u017ee\" \/>\n<meta property=\"article:modified_time\" content=\"2024-09-04T15:20:22+00:00\" \/>\n<meta name=\"twitter:card\" content=\"summary_large_image\" \/>\n<meta name=\"twitter:label1\" content=\"Odhadovan\u00e1 doba \u010dten\u00ed\" \/>\n\t<meta name=\"twitter:data1\" content=\"1 minuta\" \/>\n<script type=\"application\/ld+json\" class=\"yoast-schema-graph\">{\"@context\":\"https:\\\/\\\/schema.org\",\"@graph\":[{\"@type\":\"WebPage\",\"@id\":\"https:\\\/\\\/www.ozdravnemasaze.cz\\\/uvod\\\/index.php\\\/tui-na\\\/\",\"url\":\"https:\\\/\\\/www.ozdravnemasaze.cz\\\/uvod\\\/index.php\\\/tui-na\\\/\",\"name\":\"TUI NA \u00a0\u63a8\u62ff - Ozdravn\u00e9 Mas\u00e1\u017ee\",\"isPartOf\":{\"@id\":\"https:\\\/\\\/www.ozdravnemasaze.cz\\\/uvod\\\/#website\"},\"datePublished\":\"2024-08-25T16:59:05+00:00\",\"dateModified\":\"2024-09-04T15:20:22+00:00\",\"breadcrumb\":{\"@id\":\"https:\\\/\\\/www.ozdravnemasaze.cz\\\/uvod\\\/index.php\\\/tui-na\\\/#breadcrumb\"},\"inLanguage\":\"cs\",\"potentialAction\":[{\"@type\":\"ReadAction\",\"target\":[\"https:\\\/\\\/www.ozdravnemasaze.cz\\\/uvod\\\/index.php\\\/tui-na\\\/\"]}]},{\"@type\":\"BreadcrumbList\",\"@id\":\"https:\\\/\\\/www.ozdravnemasaze.cz\\\/uvod\\\/index.php\\\/tui-na\\\/#breadcrumb\",\"itemListElement\":[{\"@type\":\"ListItem\",\"position\":1,\"name\":\"Home\",\"item\":\"https:\\\/\\\/www.ozdravnemasaze.cz\\\/uvod\\\/\"},{\"@type\":\"ListItem\",\"position\":2,\"name\":\"TUI NA \u00a0\u63a8\u62ff\"}]},{\"@type\":\"WebSite\",\"@id\":\"https:\\\/\\\/www.ozdravnemasaze.cz\\\/uvod\\\/#website\",\"url\":\"https:\\\/\\\/www.ozdravnemasaze.cz\\\/uvod\\\/\",\"name\":\"Ozdravn\u00e9 Mas\u00e1\u017ee\",\"description\":\"Ozdravn\u00e9 Mas\u00e1\u017ee\",\"potentialAction\":[{\"@type\":\"SearchAction\",\"target\":{\"@type\":\"EntryPoint\",\"urlTemplate\":\"https:\\\/\\\/www.ozdravnemasaze.cz\\\/uvod\\\/?s={search_term_string}\"},\"query-input\":{\"@type\":\"PropertyValueSpecification\",\"valueRequired\":true,\"valueName\":\"search_term_string\"}}],\"inLanguage\":\"cs\"}]}<\/script>\n<!-- \/ Yoast SEO plugin. -->","yoast_head_json":{"title":"TUI NA \u00a0\u63a8\u62ff - Ozdravn\u00e9 Mas\u00e1\u017ee","robots":{"index":"index","follow":"follow","max-snippet":"max-snippet:-1","max-image-preview":"max-image-preview:large","max-video-preview":"max-video-preview:-1"},"canonical":"https:\/\/www.ozdravnemasaze.cz\/uvod\/index.php\/tui-na\/","og_locale":"cs_CZ","og_type":"article","og_title":"TUI NA \u00a0\u63a8\u62ff - Ozdravn\u00e9 Mas\u00e1\u017ee","og_description":"Terapie vyu\u017e\u00edvaj\u00edc\u00ed techniky mas\u00e1\u017e\u00ed a tlak\u016f na akupresurn\u00ed body. Vych\u00e1z\u00ed z tradi\u010dn\u00ed \u010d\u00ednsk\u00e9 medic\u00edny &#8211; princip\u016f jinu a jangu a zejm\u00e9na teorie o meridi\u00e1nech (drah\u00e1ch energie). PREVENCE: TERAPIE: FUWEIFA: Terapeutick\u00e1 metoda spo\u010d\u00edv\u00e1 hlavn\u011b v n\u00e1prav\u011b polohy kloubn\u00edch spojen\u00ed a harmonizaci funkce svalstva, \u0161lach a fasci\u00e1ln\u00edho syst\u00e9mu t\u011bla. SONGJIN: Metoda uvol\u0148ov\u00e1n\u00ed \u0161lachosval\u016f. Zpr\u016fchod\u0148uje velmi v\u00fdrazn\u011b tok [&hellip;]","og_url":"https:\/\/www.ozdravnemasaze.cz\/uvod\/index.php\/tui-na\/","og_site_name":"Ozdravn\u00e9 Mas\u00e1\u017ee","article_modified_time":"2024-09-04T15:20:22+00:00","twitter_card":"summary_large_image","twitter_misc":{"Odhadovan\u00e1 doba \u010dten\u00ed":"1 minuta"},"schema":{"@context":"https:\/\/schema.org","@graph":[{"@type":"WebPage","@id":"https:\/\/www.ozdravnemasaze.cz\/uvod\/index.php\/tui-na\/","url":"https:\/\/www.ozdravnemasaze.cz\/uvod\/index.php\/tui-na\/","name":"TUI NA \u00a0\u63a8\u62ff - Ozdravn\u00e9 Mas\u00e1\u017ee","isPartOf":{"@id":"https:\/\/www.ozdravnemasaze.cz\/uvod\/#website"},"datePublished":"2024-08-25T16:59:05+00:00","dateModified":"2024-09-04T15:20:22+00:00","breadcrumb":{"@id":"https:\/\/www.ozdravnemasaze.cz\/uvod\/index.php\/tui-na\/#breadcrumb"},"inLanguage":"cs","potentialAction":[{"@type":"ReadAction","target":["https:\/\/www.ozdravnemasaze.cz\/uvod\/index.php\/tui-na\/"]}]},{"@type":"BreadcrumbList","@id":"https:\/\/www.ozdravnemasaze.cz\/uvod\/index.php\/tui-na\/#breadcrumb","itemListElement":[{"@type":"ListItem","position":1,"name":"Home","item":"https:\/\/www.ozdravnemasaze.cz\/uvod\/"},{"@type":"ListItem","position":2,"name":"TUI NA \u00a0\u63a8\u62ff"}]},{"@type":"WebSite","@id":"https:\/\/www.ozdravnemasaze.cz\/uvod\/#website","url":"https:\/\/www.ozdravnemasaze.cz\/uvod\/","name":"Ozdravn\u00e9 Mas\u00e1\u017ee","description":"Ozdravn\u00e9 Mas\u00e1\u017ee","potentialAction":[{"@type":"SearchAction","target":{"@type":"EntryPoint","urlTemplate":"https:\/\/www.ozdravnemasaze.cz\/uvod\/?s={search_term_string}"},"query-input":{"@type":"PropertyValueSpecification","valueRequired":true,"valueName":"search_term_string"}}],"inLanguage":"cs"}]}},"_links":{"self":[{"href":"https:\/\/www.ozdravnemasaze.cz\/uvod\/index.php\/wp-json\/wp\/v2\/pages\/86","targetHints":{"allow":["GET"]}}],"collection":[{"href":"https:\/\/www.ozdravnemasaze.cz\/uvod\/index.php\/wp-json\/wp\/v2\/pages"}],"about":[{"href":"https:\/\/www.ozdravnemasaze.cz\/uvod\/index.php\/wp-json\/wp\/v2\/types\/page"}],"author":[{"embeddable":true,"href":"https:\/\/www.ozdravnemasaze.cz\/uvod\/index.php\/wp-json\/wp\/v2\/users\/1"}],"replies":[{"embeddable":true,"href":"https:\/\/www.ozdravnemasaze.cz\/uvod\/index.php\/wp-json\/wp\/v2\/comments?post=86"}],"version-history":[{"count":5,"href":"https:\/\/www.ozdravnemasaze.cz\/uvod\/index.php\/wp-json\/wp\/v2\/pages\/86\/revisions"}],"predecessor-version":[{"id":246,"href":"https:\/\/www.ozdravnemasaze.cz\/uvod\/index.php\/wp-json\/wp\/v2\/pages\/86\/revisions\/246"}],"wp:attachment":[{"href":"https:\/\/www.ozdravnemasaze.cz\/uvod\/index.php\/wp-json\/wp\/v2\/media?parent=86"}],"curies":[{"name":"wp","href":"https:\/\/api.w.org\/{rel}","templated":true}]}}